{"id":9,"date":"2022-03-23T10:47:32","date_gmt":"2022-03-23T10:47:32","guid":{"rendered":"http:\/\/remarte.com\/?page_id=9"},"modified":"2024-08-20T13:56:02","modified_gmt":"2024-08-20T13:56:02","slug":"anasayfa","status":"publish","type":"page","link":"http:\/\/remarte.com\/tr","title":{"rendered":"Anasayfa"},"content":{"rendered":"<!--themify_builder_content-->\n<div id=\"themify_builder_content-9\" data-postid=\"9\" class=\"themify_builder_content themify_builder_content-9 themify_builder tf_clear\">\n    \t<!-- module_row -->\n\t<div  data-lazy=\"1\" class=\"module_row themify_builder_row tb_xo6q198 tb_first tf_clearfix hide-mobile\" >\n\t    \t\t<div class=\"row_inner col_align_top col-count-1 tf_box tf_w tf_rel\">\n\t\t\t<div  data-lazy=\"1\" class=\"module_column tb-column col-full first tb_j9oo199 tf_box\">\n\t\t\t    \t        <div class=\"tb-column-inner tf_box tf_w\">\n\t\t    <!-- module plain text -->\n<div  class=\"module module-plain-text tb_lf30898 \" data-lazy=\"1\">\n        <div class=\"tb_text_wrap\">\n\t    <\/div>\n<\/div>\n<!-- \/module plain text -->\t        <\/div>\n\t    \t<\/div>\n\t\t    <\/div>\n\t    <!-- \/row_inner -->\n\t<\/div>\n\t<!-- \/module_row -->\n\t\t<!-- module_row -->\n\t<div  data-lazy=\"1\" class=\"module_row themify_builder_row tb_ek5r307 tf_clearfix hide-desktop hide-tablet hide-tablet_landscape\" >\n\t    \t\t<div class=\"row_inner col_align_top col-count-1 tf_box tf_w tf_rel\">\n\t\t\t<div  data-lazy=\"1\" class=\"module_column tb-column col-full first tb_x81h307 tf_box\">\n\t\t\t    \t        <div class=\"tb-column-inner tf_box tf_w\">\n\t\t    <!-- module plain text -->\n<div  class=\"module module-plain-text tb_6bsy307 \" data-lazy=\"1\">\n        <div class=\"tb_text_wrap\">\n\t    <\/div>\n<\/div>\n<!-- \/module plain text -->\t        <\/div>\n\t    \t<\/div>\n\t\t    <\/div>\n\t    <!-- \/row_inner -->\n\t<\/div>\n\t<!-- \/module_row -->\n\t\t<!-- module_row -->\n\t<div  data-lazy=\"1\" class=\"module_row themify_builder_row tb_iwlx782 tf_clearfix\">\n\t    \t\t<div class=\"row_inner col_align_top col-count-1 tf_box tf_w tf_rel\">\n\t\t\t<div  data-lazy=\"1\" class=\"module_column tb-column col-full first tb_asu4782 tf_box\">\n\t\t\t    \t        <div class=\"tb-column-inner tf_box tf_w\">\n\t\t    <!-- module text -->\n<div  class=\"module module-text tb_lm3u239   \" data-lazy=\"1\">\n        <div  class=\"tb_text_wrap\">\n    <p><strong>REMARTE<\/strong>, Y\u00f6netim Kurulu Ba\u015fkan\u0131 KAAN YILDIRIM \u00f6nderli\u011finde 2020 y\u0131l\u0131nda kurulmu\u015f olup, o tarihten bu yana ila\u00e7 sekt\u00f6r\u00fcne hizmet vermektedir. \u015eirketimizin merkezi \u0130stanbul\u2019da bulunmaktad\u0131r ve <strong>REMARTE<\/strong>, YILDIRIM ailesi taraf\u0131ndan kurulan ila\u00e7 \u015firketleri grubunun bir par\u00e7as\u0131d\u0131r. 30 y\u0131ll\u0131k tecr\u00fcbenin nesiller boyunca aktar\u0131lmas\u0131yla, bu birikim ve deneyim <strong>REMARTE<\/strong> markas\u0131 alt\u0131nda devam etmektedir.<\/p>\n<p><strong>REMARTE<\/strong>, a\u011f\u0131rl\u0131kl\u0131 olarak T\u00fcrk ila\u00e7 pazar\u0131na odaklanm\u0131\u015f olup, T\u00fcrkiye\u2019de ruhsatl\u0131 ve ruhsat s\u00fcreci devam eden \u00fcr\u00fcnleri bulunmaktad\u0131r. Ayr\u0131ca, T\u00fcrkiye Hasta Bazl\u0131 Program (NPP) kapsam\u0131nda birincil tedarik\u00e7idir. \u015eirketimiz, bu alanda kay\u0131tl\u0131 ve akredite edilmi\u015f bir kurum olarak tan\u0131nmakta ve yetkili kurumsal ithalat\u00e7\u0131 stat\u00fcs\u00fcne sahiptir.<\/p>    <\/div>\n<\/div>\n<!-- \/module text -->\t        <\/div>\n\t    \t<\/div>\n\t\t    <\/div>\n\t    <!-- \/row_inner -->\n\t<\/div>\n\t<!-- \/module_row -->\n\t<\/div>\n<!--\/themify_builder_content-->","protected":false},"excerpt":{"rendered":"<p>REMARTE, Y\u00f6netim Kurulu Ba\u015fkan\u0131 KAAN YILDIRIM \u00f6nderli\u011finde 2020 y\u0131l\u0131nda kurulmu\u015f olup, o tarihten bu yana ila\u00e7 sekt\u00f6r\u00fcne hizmet vermektedir. \u015eirketimizin merkezi \u0130stanbul\u2019da bulunmaktad\u0131r ve REMARTE, YILDIRIM ailesi taraf\u0131ndan kurulan ila\u00e7 \u015firketleri grubunun bir par\u00e7as\u0131d\u0131r. 30 y\u0131ll\u0131k tecr\u00fcbenin nesiller boyunca aktar\u0131lmas\u0131yla, bu birikim ve deneyim REMARTE markas\u0131 alt\u0131nda devam etmektedir. REMARTE, a\u011f\u0131rl\u0131kl\u0131 olarak T\u00fcrk ila\u00e7 pazar\u0131na [&hellip;]<\/p>\n","protected":false},"author":1,"featured_media":0,"parent":0,"menu_order":0,"comment_status":"closed","ping_status":"closed","template":"","meta":{"footnotes":""},"class_list":["post-9","page","type-page","status-publish","hentry","has-post-title","has-post-date","has-post-category","has-post-tag","has-post-comment","has-post-author",""],"_links":{"self":[{"href":"http:\/\/remarte.com\/tr\/wp-json\/wp\/v2\/pages\/9","targetHints":{"allow":["GET"]}}],"collection":[{"href":"http:\/\/remarte.com\/tr\/wp-json\/wp\/v2\/pages"}],"about":[{"href":"http:\/\/remarte.com\/tr\/wp-json\/wp\/v2\/types\/page"}],"author":[{"embeddable":true,"href":"http:\/\/remarte.com\/tr\/wp-json\/wp\/v2\/users\/1"}],"replies":[{"embeddable":true,"href":"http:\/\/remarte.com\/tr\/wp-json\/wp\/v2\/comments?post=9"}],"version-history":[{"count":7,"href":"http:\/\/remarte.com\/tr\/wp-json\/wp\/v2\/pages\/9\/revisions"}],"predecessor-version":[{"id":589,"href":"http:\/\/remarte.com\/tr\/wp-json\/wp\/v2\/pages\/9\/revisions\/589"}],"wp:attachment":[{"href":"http:\/\/remarte.com\/tr\/wp-json\/wp\/v2\/media?parent=9"}],"curies":[{"name":"wp","href":"https:\/\/api.w.org\/{rel}","templated":true}]}}