{"id":90,"date":"2022-03-23T13:36:33","date_gmt":"2022-03-23T13:36:33","guid":{"rendered":"http:\/\/remarte.com\/?page_id=90"},"modified":"2024-06-27T16:46:22","modified_gmt":"2024-06-27T16:46:22","slug":"kvkk-bilgilendirmesi","status":"publish","type":"page","link":"http:\/\/remarte.com\/tr\/kvkk-bilgilendirmesi","title":{"rendered":"KVKK Bilgilendirmesi"},"content":{"rendered":"<!--themify_builder_content-->\n<div id=\"themify_builder_content-90\" data-postid=\"90\" class=\"themify_builder_content themify_builder_content-90 themify_builder tf_clear\">\n    \t<!-- module_row -->\n\t<div  data-lazy=\"1\" class=\"module_row themify_builder_row tb_x7qb645 tb_first tf_clearfix\">\n\t    \t\t<div class=\"row_inner col_align_top col-count-2 tf_box tf_w tf_rel\"  data-mobile_dir=\"rtl\">\n\t\t\t<div  data-lazy=\"1\" class=\"module_column tb-column col4-1 first tb_zli3656 tf_box\">\n\t\t\t    \t        <div class=\"tb-column-inner tf_box tf_w\">\n\t\t    <!-- module menu -->\n<div  class=\"module module-menu tb_3g6d955  mobile-menu-slide\" data-menu-style=\"mobile-menu-slide\" data-menu-breakpoint=\"0\" data-element-id=\"tb_3g6d955\" data-lazy=\"1\">\n    \t\n\t<div class=\"module-menu-container \"><ul id=\"menu-kvkk\" class=\"ui tf_clearfix nav tf_rel vertical tb_default_color shadow\"><li id=\"menu-item-68\" class=\"menu-item-page-46 menu-item menu-item-type-post_type menu-item-object-page menu-item-68\"><a href=\"http:\/\/remarte.com\/tr\/aydinlatma-metni\">Ayd\u0131nlatma Metni<\/a><\/li>\n<li id=\"menu-item-70\" class=\"menu-item-custom-70 menu-item menu-item-type-custom menu-item-object-custom menu-item-70\"><a href=\"http:\/\/remarte.com\/wp-content\/uploads\/2022\/03\/KVKK-Basvuru-ve-Bilgi-Talep-Formu-Remarte.pdf\">Ba\u015fvuru ve Bilgi Talep Formu<\/a><\/li>\n<li id=\"menu-item-67\" class=\"menu-item-page-56 menu-item menu-item-type-post_type menu-item-object-page menu-item-67\"><a href=\"http:\/\/remarte.com\/tr\/gizlilik-politikasi\">Gizlilik Politikas\u0131<\/a><\/li>\n<li id=\"menu-item-69\" class=\"menu-item-page-59 menu-item menu-item-type-post_type menu-item-object-page menu-item-69\"><a href=\"http:\/\/remarte.com\/tr\/ozel-nitelikli-kisisel-verilerin-korunmasi-ve-islenmesi-politikasi\">\u00d6zel Nitelikli Ki\u015fisel Verilerin Korunmas\u0131 ve \u0130\u015flenmesi Politikas\u0131<\/a><\/li>\n<li id=\"menu-item-66\" class=\"menu-item-page-63 menu-item menu-item-type-post_type menu-item-object-page menu-item-66\"><a href=\"http:\/\/remarte.com\/tr\/cerez-politikasi\">\u00c7erez Politikas\u0131<\/a><\/li>\n<\/ul><\/div>\t\t<style>\n\t\t\t.mobile-menu-module[data-module=\"tb_3g6d955\"] {\n\t\t\t\tright: -300px;\n\t\t\t}\n\t\t<\/style>\n\t<\/div>\n<!-- \/module menu -->\n\t        <\/div>\n\t    \t<\/div>\n\t\t<div  data-lazy=\"1\" class=\"module_column tb-column col4-3 last tb_u7jq733 tf_box\">\n\t\t\t    \t        <div class=\"tb-column-inner tf_box tf_w\">\n\t\t    <!-- module text -->\n<div  class=\"module module-text tb_y9gz635   \" data-lazy=\"1\">\n        <div  class=\"tb_text_wrap\">\n    <p>Remarte Sanayi \u0130thalat \u0130hracat A.\u015e. \u2019e bu formu doldurarak g\u00f6nderdi\u011finiz ki\u015fisel veriler, 6698 say\u0131l\u0131 Kanun gere\u011fince \u015firketimiz b\u00fcnyesinde g\u00f6nderme amac\u0131n\u0131z do\u011frultusunda i\u015flenecektir. Bu \u00e7er\u00e7evede gerekli oldu\u011fu takdirde sizlere bilgilendirme ama\u00e7l\u0131 ileti\u015fim kurulacak ve ilave bilgi de talep edilebilecektir. Ki\u015fisel verileriniz, ba\u015fvurunuz kapsam\u0131nda \u015firketimiz taraf\u0131ndan di\u011fer \u00e7\u00f6z\u00fcm ortaklar\u0131yla gereklili\u011fi \u00f6l\u00e7\u00fcs\u00fcnde payla\u015f\u0131labilecektir. Ba\u015fvurunuz i\u015flemlerinizin takibi ama\u00e7l\u0131 sistemlerimizde kaydedilecektir. Ki\u015fisel verilerinizle ilgili haklar\u0131n\u0131z ve ba\u015fvurular\u0131n\u0131z i\u00e7in bkz. Remarte Sanayi \u0130thalat \u0130hracat A.\u015e. <a href=\"http:\/\/www.remarte.com\/gizlilik-politikasi\/\">Gizlilik Politikas\u0131<\/a>\u00a0ve\u00a0<a href=\"https:\/\/www.remarte.com\/wp-content\/uploads\/2020\/01\/KVKK-Basvuru-ve-Bilgi-Talep-Formu-Remarte.pdf\" target=\"_blank\" rel=\"noopener noreferrer\">KVKK Ba\u015fvuru ve Bilgi Talep Formu<\/a><\/p>    <\/div>\n<\/div>\n<!-- \/module text -->\t        <\/div>\n\t    \t<\/div>\n\t\t    <\/div>\n\t    <!-- \/row_inner -->\n\t<\/div>\n\t<!-- \/module_row -->\n\t<\/div>\n<!--\/themify_builder_content-->","protected":false},"excerpt":{"rendered":"<p>Ayd\u0131nlatma Metni Ba\u015fvuru ve Bilgi Talep Formu Gizlilik Politikas\u0131 \u00d6zel Nitelikli Ki\u015fisel Verilerin Korunmas\u0131 ve \u0130\u015flenmesi Politikas\u0131 \u00c7erez Politikas\u0131 Remarte Sanayi \u0130thalat \u0130hracat A.\u015e. \u2019e bu formu doldurarak g\u00f6nderdi\u011finiz ki\u015fisel veriler, 6698 say\u0131l\u0131 Kanun gere\u011fince \u015firketimiz b\u00fcnyesinde g\u00f6nderme amac\u0131n\u0131z do\u011frultusunda i\u015flenecektir. Bu \u00e7er\u00e7evede gerekli oldu\u011fu takdirde sizlere bilgilendirme ama\u00e7l\u0131 ileti\u015fim kurulacak ve ilave bilgi de [&hellip;]<\/p>\n","protected":false},"author":1,"featured_media":0,"parent":0,"menu_order":0,"comment_status":"closed","ping_status":"closed","template":"","meta":{"footnotes":""},"class_list":["post-90","page","type-page","status-publish","hentry","has-post-title","has-post-date","has-post-category","has-post-tag","has-post-comment","has-post-author",""],"_links":{"self":[{"href":"http:\/\/remarte.com\/tr\/wp-json\/wp\/v2\/pages\/90","targetHints":{"allow":["GET"]}}],"collection":[{"href":"http:\/\/remarte.com\/tr\/wp-json\/wp\/v2\/pages"}],"about":[{"href":"http:\/\/remarte.com\/tr\/wp-json\/wp\/v2\/types\/page"}],"author":[{"embeddable":true,"href":"http:\/\/remarte.com\/tr\/wp-json\/wp\/v2\/users\/1"}],"replies":[{"embeddable":true,"href":"http:\/\/remarte.com\/tr\/wp-json\/wp\/v2\/comments?post=90"}],"version-history":[{"count":6,"href":"http:\/\/remarte.com\/tr\/wp-json\/wp\/v2\/pages\/90\/revisions"}],"predecessor-version":[{"id":410,"href":"http:\/\/remarte.com\/tr\/wp-json\/wp\/v2\/pages\/90\/revisions\/410"}],"wp:attachment":[{"href":"http:\/\/remarte.com\/tr\/wp-json\/wp\/v2\/media?parent=90"}],"curies":[{"name":"wp","href":"https:\/\/api.w.org\/{rel}","templated":true}]}}