{"id":167,"date":"2022-03-29T13:12:45","date_gmt":"2022-03-29T13:12:45","guid":{"rendered":"http:\/\/remarte.com\/?page_id=167"},"modified":"2024-07-25T16:35:05","modified_gmt":"2024-07-25T16:35:05","slug":"dermatoloji","status":"publish","type":"page","link":"https:\/\/remarte.com\/tr\/dermatoloji","title":{"rendered":"Dermatoloji"},"content":{"rendered":"<!--themify_builder_content-->\n<div id=\"themify_builder_content-167\" data-postid=\"167\" class=\"themify_builder_content themify_builder_content-167 themify_builder tf_clear\">\n    \t<!-- module_row -->\n\t<div  data-lazy=\"1\" class=\"module_row themify_builder_row tb_b0la132 tb_first tf_clearfix\" >\n\t    \t\t<div class=\"row_inner col_align_middle col-count-4 tf_box tf_w tf_rel\"  data-mobile_dir=\"rtl\" data-basecol=\"4\" data-col_mobile=\"column-full\">\n\t\t\t<div  data-lazy=\"1\" style=\"width: 5%\" class=\"module_column tb-column col4-1 first tb_ne5s132 tf_box\">\n\t\t\t    \t<\/div>\n\t\t<div  data-lazy=\"1\" style=\"width: 40.17%\" class=\"module_column tb-column col4-1 second tb_t511133 tf_box\">\n\t\t\t    \t        <div class=\"tb-column-inner tf_box tf_w\">\n\t\t    <!-- module text -->\n<div  class=\"module module-text tb_f9nh133   \" data-lazy=\"1\">\n        <div  class=\"tb_text_wrap\">\n    <p>D\u0130PROP\u0130X %0.05 MERHEM (30 G T\u00dcP)<\/p>    <\/div>\n<\/div>\n<!-- \/module text -->\t<div  data-lazy=\"1\" class=\"module_subrow themify_builder_sub_row tb_7nyg133 tf_w tf_clearfix\">\n\t    \t\t<div class=\"subrow_inner col_align_top col-count-2 tf_box tf_w\">\n\t\t\t<div  style=\"width: 22.12%\" data-lazy=\"1\" class=\"sub_column module_column tf_box col2-1 first tb_v08y133\"> \n\t    \t    \t        <div class=\"tb-column-inner tf_box tf_w\">\n\t\t    <!-- module text -->\n<div  class=\"module module-text tb_xvan133   \" data-lazy=\"1\">\n        <div  class=\"tb_text_wrap\">\n    <p>Etkin Madde:<\/p>    <\/div>\n<\/div>\n<!-- \/module text -->\t        <\/div>\n\t    \t<\/div>\n\t\t<div  style=\"width: 74.68%\" data-lazy=\"1\" class=\"sub_column module_column tf_box col2-1 last tb_ztcp133\"> \n\t    \t    \t        <div class=\"tb-column-inner tf_box tf_w\">\n\t\t    <!-- module text -->\n<div  class=\"module module-text tb_3mfo133   \" data-lazy=\"1\">\n        <div  class=\"tb_text_wrap\">\n    <p>Betametazon Dipropiyonat<\/p>    <\/div>\n<\/div>\n<!-- \/module text -->\t        <\/div>\n\t    \t<\/div>\n\t\t    <\/div>\n\t<\/div><!-- \/themify_builder_sub_row -->\n\t\t<div  data-lazy=\"1\" class=\"module_subrow themify_builder_sub_row tb_uk1r133 tf_w tf_clearfix\">\n\t    \t\t<div class=\"subrow_inner col_align_top col-count-2 tf_box tf_w\">\n\t\t\t<div  style=\"width: 22.12%\" data-lazy=\"1\" class=\"sub_column module_column tf_box col2-1 first tb_fl7n133\"> \n\t    \t    \t        <div class=\"tb-column-inner tf_box tf_w\">\n\t\t    <!-- module text -->\n<div  class=\"module module-text tb_1b8d133   \" data-lazy=\"1\">\n        <div  class=\"tb_text_wrap\">\n    <p>KT:<\/p>    <\/div>\n<\/div>\n<!-- \/module text -->\t        <\/div>\n\t    \t<\/div>\n\t\t<div  style=\"width: 74.68%\" data-lazy=\"1\" class=\"sub_column module_column tf_box col2-1 last tb_5uby134\"> \n\t    \t    \t        <div class=\"tb-column-inner tf_box tf_w\">\n\t\t    <!-- module icon -->\n<div  class=\"module module-icon tb_lees113  normal squared icon_horizontal \" data-lazy=\"1\">\n    \t    <div class=\"module-icon-item tf_inline_b\">\n\t\t\t\t\t\t\t<a href=\"http:\/\/remarte.com\/wp-content\/uploads\/2024\/07\/dipropix-SmPC.pdf\" rel=\"noopener\" target=\"_blank\">\n\t\t\t\t\t\t\t\t\t\t\t\t\t\t\t\t\t<em class=\"ui tf_vmiddle tf_textc tf_box \" style=\"color: #10489b\"><svg  aria-hidden=\"true\" class=\"tf_fa tf-far-file-pdf\"><use href=\"#tf-far-file-pdf\"><\/use><\/svg><\/em>\n\t\t\t\t\t\t\t\t\t\t\t\t                    \t\t\t\t\t<span class=\"tf_vmiddle\">PDF<\/span>\n                                    \t\t\t\t\t\t\t<\/a>\n\t\t\t\t    <\/div>\n\t<\/div>\n<!-- \/module icon -->\n\t        <\/div>\n\t    \t<\/div>\n\t\t    <\/div>\n\t<\/div><!-- \/themify_builder_sub_row -->\n\t\t<div  data-lazy=\"1\" class=\"module_subrow themify_builder_sub_row tb_ykz5134 tf_w tf_clearfix\">\n\t    \t\t<div class=\"subrow_inner col_align_top col-count-2 tf_box tf_w\">\n\t\t\t<div  style=\"width: 22.12%\" data-lazy=\"1\" class=\"sub_column module_column tf_box col2-1 first tb_ktb2134\"> \n\t    \t    \t        <div class=\"tb-column-inner tf_box tf_w\">\n\t\t    <!-- module text -->\n<div  class=\"module module-text tb_1vmc134   \" data-lazy=\"1\">\n        <div  class=\"tb_text_wrap\">\n    <p>K\u00dcB:<\/p>    <\/div>\n<\/div>\n<!-- \/module text -->\t        <\/div>\n\t    \t<\/div>\n\t\t<div  style=\"width: 74.68%\" data-lazy=\"1\" class=\"sub_column module_column tf_box col2-1 last tb_xjtj134\"> \n\t    \t    \t        <div class=\"tb-column-inner tf_box tf_w\">\n\t\t    <!-- module icon -->\n<div  class=\"module module-icon tb_mzwo134  normal squared icon_horizontal \" data-lazy=\"1\">\n    \t    <div class=\"module-icon-item tf_inline_b\">\n\t\t\t\t\t\t\t<a href=\"http:\/\/remarte.com\/wp-content\/uploads\/2024\/07\/dipropix-PIL.pdf\" rel=\"noopener\" target=\"_blank\">\n\t\t\t\t\t\t\t\t\t\t\t\t\t\t\t\t\t<em class=\"ui tf_vmiddle tf_textc tf_box \" style=\"color: #10489b\"><svg  aria-hidden=\"true\" class=\"tf_fa tf-far-file-pdf\"><use href=\"#tf-far-file-pdf\"><\/use><\/svg><\/em>\n\t\t\t\t\t\t\t\t\t\t\t\t                    \t\t\t\t\t<span class=\"tf_vmiddle\">PDF<\/span>\n                                    \t\t\t\t\t\t\t<\/a>\n\t\t\t\t    <\/div>\n\t<\/div>\n<!-- \/module icon -->\n\t        <\/div>\n\t    \t<\/div>\n\t\t    <\/div>\n\t<\/div><!-- \/themify_builder_sub_row -->\n\t\t        <\/div>\n\t    \t<\/div>\n\t\t<div  data-lazy=\"1\" style=\"width: 40.23%\" class=\"module_column tb-column col4-1 third tb_adhd134 tf_box\">\n\t\t\t    \t        <div class=\"tb-column-inner tf_box tf_w\">\n\t\t    <!-- module image -->\n<div  class=\"module module-image tb_g5ut134   image-center tf_mw\" data-lazy=\"1\">\n        <div class=\"image-wrap tf_rel tf_mw\">\n\t\t    <img loading=\"lazy\" decoding=\"async\" width=\"2560\" height=\"1280\" src=\"https:\/\/remarte.com\/wp-content\/uploads\/2024\/06\/DIPROPIX-scaled.jpg\" class=\"wp-post-image wp-image-382\" title=\"DI\u0307PROPI\u0307X\" alt=\"DI\u0307PROPI\u0307X\" srcset=\"https:\/\/remarte.com\/wp-content\/uploads\/2024\/06\/DIPROPIX-scaled.jpg 2560w, https:\/\/remarte.com\/wp-content\/uploads\/2024\/06\/DIPROPIX-300x150.jpg 300w, https:\/\/remarte.com\/wp-content\/uploads\/2024\/06\/DIPROPIX-1024x512.jpg 1024w, https:\/\/remarte.com\/wp-content\/uploads\/2024\/06\/DIPROPIX-768x384.jpg 768w, https:\/\/remarte.com\/wp-content\/uploads\/2024\/06\/DIPROPIX-1536x768.jpg 1536w, https:\/\/remarte.com\/wp-content\/uploads\/2024\/06\/DIPROPIX-2048x1024.jpg 2048w\" sizes=\"auto, (max-width: 2560px) 100vw, 2560px\" \/>\t\n\t\t<\/div>\n\t<!-- \/image-wrap -->\n    \n    \t<\/div>\n<!-- \/module image -->\t        <\/div>\n\t    \t<\/div>\n\t\t<div  data-lazy=\"1\" style=\"width: 5%\" class=\"module_column tb-column col4-1 last tb_wseu134 tf_box\">\n\t\t\t    \t<\/div>\n\t\t    <\/div>\n\t    <!-- \/row_inner -->\n\t<\/div>\n\t<!-- \/module_row -->\n\t<\/div>\n<!--\/themify_builder_content-->","protected":false},"excerpt":{"rendered":"<p>D\u0130PROP\u0130X %0.05 MERHEM (30 G T\u00dcP) Etkin Madde: Betametazon Dipropiyonat KT: PDF K\u00dcB: PDF<\/p>\n","protected":false},"author":1,"featured_media":0,"parent":0,"menu_order":0,"comment_status":"closed","ping_status":"closed","template":"","meta":{"footnotes":""},"class_list":["post-167","page","type-page","status-publish","hentry","has-post-title","has-post-date","has-post-category","has-post-tag","has-post-comment","has-post-author",""],"_links":{"self":[{"href":"https:\/\/remarte.com\/tr\/wp-json\/wp\/v2\/pages\/167","targetHints":{"allow":["GET"]}}],"collection":[{"href":"https:\/\/remarte.com\/tr\/wp-json\/wp\/v2\/pages"}],"about":[{"href":"https:\/\/remarte.com\/tr\/wp-json\/wp\/v2\/types\/page"}],"author":[{"embeddable":true,"href":"https:\/\/remarte.com\/tr\/wp-json\/wp\/v2\/users\/1"}],"replies":[{"embeddable":true,"href":"https:\/\/remarte.com\/tr\/wp-json\/wp\/v2\/comments?post=167"}],"version-history":[{"count":28,"href":"https:\/\/remarte.com\/tr\/wp-json\/wp\/v2\/pages\/167\/revisions"}],"predecessor-version":[{"id":533,"href":"https:\/\/remarte.com\/tr\/wp-json\/wp\/v2\/pages\/167\/revisions\/533"}],"wp:attachment":[{"href":"https:\/\/remarte.com\/tr\/wp-json\/wp\/v2\/media?parent=167"}],"curies":[{"name":"wp","href":"https:\/\/api.w.org\/{rel}","templated":true}]}}