{"id":26,"date":"2022-03-23T11:03:03","date_gmt":"2022-03-23T11:03:03","guid":{"rendered":"http:\/\/remarte.com\/?page_id=26"},"modified":"2024-08-02T15:16:29","modified_gmt":"2024-08-02T15:16:29","slug":"hakkimizda","status":"publish","type":"page","link":"https:\/\/remarte.com\/tr\/hakkimizda","title":{"rendered":"Hakk\u0131m\u0131zda"},"content":{"rendered":"<!--themify_builder_content-->\n<div id=\"themify_builder_content-26\" data-postid=\"26\" class=\"themify_builder_content themify_builder_content-26 themify_builder tf_clear\">\n    \t<!-- module_row -->\n\t<div  data-lazy=\"1\" class=\"module_row themify_builder_row tb_x7qb645 tb_first tf_clearfix\">\n\t    \t\t<div class=\"row_inner col_align_top col-count-2 tf_box tf_w tf_rel\"  data-mobile_dir=\"rtl\">\n\t\t\t<div  data-lazy=\"1\" class=\"module_column tb-column col4-1 first tb_zli3656 tf_box\">\n\t\t\t    \t        <div class=\"tb-column-inner tf_box tf_w\">\n\t\t    <!-- module menu -->\n<div  class=\"module module-menu tb_3g6d955  mobile-menu-slide\" data-menu-style=\"mobile-menu-slide\" data-menu-breakpoint=\"0\" data-element-id=\"tb_3g6d955\" data-lazy=\"1\">\n    \t\n\t<div class=\"module-menu-container \"><ul id=\"menu-abut-tr\" class=\"ui tf_clearfix nav tf_rel vertical tb_default_color shadow\"><li id=\"menu-item-521\" class=\"menu-item-custom-521 menu-item menu-item-type-custom menu-item-object-custom menu-item-521\"><a href=\"https:\/\/remarte.com\/tr\/hakkimizda\">Hakk\u0131m\u0131zda<\/a><\/li>\n<li id=\"menu-item-512\" class=\"menu-item-page-36 menu-item menu-item-type-post_type menu-item-object-page menu-item-512\"><a href=\"https:\/\/remarte.com\/tr\/vizyon-misyon\">Vizyon &#038; Misyon<\/a><\/li>\n<li id=\"menu-item-513\" class=\"menu-item-page-90 menu-item menu-item-type-post_type menu-item-object-page menu-item-513\"><a href=\"https:\/\/remarte.com\/tr\/kvkk-bilgilendirmesi\">KVKK<\/a><\/li>\n<li id=\"menu-item-514\" class=\"menu-item-page-453 menu-item menu-item-type-post_type menu-item-object-page menu-item-514\"><a href=\"https:\/\/remarte.com\/tr\/degerlerimiz\">De\u011ferlerimiz<\/a><\/li>\n<\/ul><\/div>\t\t<style>\n\t\t\t.mobile-menu-module[data-module=\"tb_3g6d955\"] {\n\t\t\t\tright: -300px;\n\t\t\t}\n\t\t<\/style>\n\t<\/div>\n<!-- \/module menu -->\n\t        <\/div>\n\t    \t<\/div>\n\t\t<div  data-lazy=\"1\" class=\"module_column tb-column col4-3 last tb_u7jq733 tf_box\">\n\t\t\t    \t        <div class=\"tb-column-inner tf_box tf_w\">\n\t\t    <!-- module text -->\n<div  class=\"module module-text tb_y9gz635   \" data-lazy=\"1\">\n        <div  class=\"tb_text_wrap\">\n    <p>REMARTE, Y\u00f6netim Kurulu Ba\u015fkan\u0131 KAAN YILDIRIM \u00f6nderli\u011finde 2020 y\u0131l\u0131nda kurulmu\u015f olup, o tarihten bu yana ila\u00e7 sekt\u00f6r\u00fcne hizmet vermektedir. \u015eirketimizin merkezi \u0130stanbul&#8217;da bulunmaktad\u0131r ve REMARTE, YILDIRIM ailesi taraf\u0131ndan kurulan ila\u00e7 \u015firketleri grubunun bir par\u00e7as\u0131d\u0131r. 30 y\u0131ll\u0131k tecr\u00fcbenin nesiller boyunca aktar\u0131lmas\u0131yla, bu birikim ve deneyim REMARTE markas\u0131 alt\u0131nda devam etmektedir.<\/p>\n<p>REMARTE, a\u011f\u0131rl\u0131kl\u0131 olarak T\u00fcrk ila\u00e7 pazar\u0131na odaklanm\u0131\u015f olup, T\u00fcrkiye\u2019de ruhsatl\u0131 ve ruhsat s\u00fcreci devam eden \u00fcr\u00fcnleri bulunmaktad\u0131r. Ayr\u0131ca, T\u00fcrkiye Hasta Bazl\u0131 Program (NPP) kapsam\u0131nda birincil tedarik\u00e7idir. \u015eirketimiz, bu alanda kay\u0131tl\u0131 ve akredite edilmi\u015f bir kurum olarak tan\u0131nmakta ve yetkili kurumsal ithalat\u00e7\u0131 stat\u00fcs\u00fcne sahiptir.<\/p>\n<p>YILDIRIM ailesinin ila\u00e7 \u015firketlerinin odak alanlar\u0131 \u015funlard\u0131r:<\/p>    <\/div>\n<\/div>\n<!-- \/module text -->\t<div  data-lazy=\"1\" class=\"module_subrow themify_builder_sub_row tb_1tha273 tf_w tf_clearfix\">\n\t    \t\t<div class=\"subrow_inner col_align_top col-count-1 tf_box tf_w\">\n\t\t\t<div  data-lazy=\"1\" class=\"sub_column module_column tf_box col-full first tb_aare274\"> \n\t    \t    \t        <div class=\"tb-column-inner tf_box tf_w\">\n\t\t    <!-- module image -->\n<div  class=\"module module-image tb_cowh970   image-top tf_mw\" data-lazy=\"1\">\n        <div class=\"image-wrap tf_rel tf_mw\">\n\t\t    <a href=\"https:\/\/farma-tek.com\"\n\t        rel=\"noopener\" target=\"_blank\"\t       >\n\t\t   \t\t<img loading=\"lazy\" decoding=\"async\" width=\"3980\" height=\"917\" src=\"https:\/\/remarte.com\/wp-content\/uploads\/2024\/08\/Farmatek.png\" class=\"wp-post-image wp-image-559\" title=\"Farmatek\" alt=\"Farmatek\" srcset=\"https:\/\/remarte.com\/wp-content\/uploads\/2024\/08\/Farmatek.png 3980w, https:\/\/remarte.com\/wp-content\/uploads\/2024\/08\/Farmatek-300x69.png 300w, https:\/\/remarte.com\/wp-content\/uploads\/2024\/08\/Farmatek-1024x236.png 1024w, https:\/\/remarte.com\/wp-content\/uploads\/2024\/08\/Farmatek-768x177.png 768w, https:\/\/remarte.com\/wp-content\/uploads\/2024\/08\/Farmatek-1536x354.png 1536w, https:\/\/remarte.com\/wp-content\/uploads\/2024\/08\/Farmatek-2048x472.png 2048w\" sizes=\"auto, (max-width: 3980px) 100vw, 3980px\" \/>\t    <\/a>\n\t\n\t\t<\/div>\n\t<!-- \/image-wrap -->\n    \n    \t<\/div>\n<!-- \/module image --><!-- module image -->\n<div  class=\"module module-image tb_98g5179   image-top tf_mw\" data-lazy=\"1\">\n        <div class=\"image-wrap tf_rel tf_mw\">\n\t\t    <a href=\"https:\/\/solebio.com.tr\"\n\t        rel=\"noopener\" target=\"_blank\"\t       >\n\t\t   \t\t<img loading=\"lazy\" decoding=\"async\" width=\"3980\" height=\"917\" src=\"https:\/\/remarte.com\/wp-content\/uploads\/2024\/08\/Solebio.png\" class=\"wp-post-image wp-image-561\" title=\"Solebio\" alt=\"Solebio\" srcset=\"https:\/\/remarte.com\/wp-content\/uploads\/2024\/08\/Solebio.png 3980w, https:\/\/remarte.com\/wp-content\/uploads\/2024\/08\/Solebio-300x69.png 300w, https:\/\/remarte.com\/wp-content\/uploads\/2024\/08\/Solebio-1024x236.png 1024w, https:\/\/remarte.com\/wp-content\/uploads\/2024\/08\/Solebio-768x177.png 768w, https:\/\/remarte.com\/wp-content\/uploads\/2024\/08\/Solebio-1536x354.png 1536w, https:\/\/remarte.com\/wp-content\/uploads\/2024\/08\/Solebio-2048x472.png 2048w\" sizes=\"auto, (max-width: 3980px) 100vw, 3980px\" \/>\t    <\/a>\n\t\n\t\t<\/div>\n\t<!-- \/image-wrap -->\n    \n    \t<\/div>\n<!-- \/module image --><!-- module image -->\n<div  class=\"module module-image tb_012v646   image-top tf_mw\" data-lazy=\"1\">\n        <div class=\"image-wrap tf_rel tf_mw\">\n\t\t    <a href=\"https:\/\/remarte.com\"\n\t        rel=\"noopener\" target=\"_blank\"\t       >\n\t\t   \t\t<img loading=\"lazy\" decoding=\"async\" width=\"3980\" height=\"917\" src=\"https:\/\/remarte.com\/wp-content\/uploads\/2024\/08\/Remarte.png\" class=\"wp-post-image wp-image-563\" title=\"Remarte\" alt=\"Remarte\" srcset=\"https:\/\/remarte.com\/wp-content\/uploads\/2024\/08\/Remarte.png 3980w, https:\/\/remarte.com\/wp-content\/uploads\/2024\/08\/Remarte-300x69.png 300w, https:\/\/remarte.com\/wp-content\/uploads\/2024\/08\/Remarte-1024x236.png 1024w, https:\/\/remarte.com\/wp-content\/uploads\/2024\/08\/Remarte-768x177.png 768w, https:\/\/remarte.com\/wp-content\/uploads\/2024\/08\/Remarte-1536x354.png 1536w, https:\/\/remarte.com\/wp-content\/uploads\/2024\/08\/Remarte-2048x472.png 2048w\" sizes=\"auto, (max-width: 3980px) 100vw, 3980px\" \/>\t    <\/a>\n\t\n\t\t<\/div>\n\t<!-- \/image-wrap -->\n    \n    \t<\/div>\n<!-- \/module image -->\t        <\/div>\n\t    \t<\/div>\n\t\t    <\/div>\n\t<\/div><!-- \/themify_builder_sub_row -->\n\t\t        <\/div>\n\t    \t<\/div>\n\t\t    <\/div>\n\t    <!-- \/row_inner -->\n\t<\/div>\n\t<!-- \/module_row -->\n\t<\/div>\n<!--\/themify_builder_content-->","protected":false},"excerpt":{"rendered":"<p>Hakk\u0131m\u0131zda Vizyon &#038; Misyon KVKK De\u011ferlerimiz REMARTE, Y\u00f6netim Kurulu Ba\u015fkan\u0131 KAAN YILDIRIM \u00f6nderli\u011finde 2020 y\u0131l\u0131nda kurulmu\u015f olup, o tarihten bu yana ila\u00e7 sekt\u00f6r\u00fcne hizmet vermektedir. \u015eirketimizin merkezi \u0130stanbul&#8217;da bulunmaktad\u0131r ve REMARTE, YILDIRIM ailesi taraf\u0131ndan kurulan ila\u00e7 \u015firketleri grubunun bir par\u00e7as\u0131d\u0131r. 30 y\u0131ll\u0131k tecr\u00fcbenin nesiller boyunca aktar\u0131lmas\u0131yla, bu birikim ve deneyim REMARTE markas\u0131 alt\u0131nda devam etmektedir. [&hellip;]<\/p>\n","protected":false},"author":1,"featured_media":0,"parent":0,"menu_order":0,"comment_status":"closed","ping_status":"closed","template":"","meta":{"footnotes":""},"class_list":["post-26","page","type-page","status-publish","hentry","has-post-title","has-post-date","has-post-category","has-post-tag","has-post-comment","has-post-author",""],"_links":{"self":[{"href":"https:\/\/remarte.com\/tr\/wp-json\/wp\/v2\/pages\/26","targetHints":{"allow":["GET"]}}],"collection":[{"href":"https:\/\/remarte.com\/tr\/wp-json\/wp\/v2\/pages"}],"about":[{"href":"https:\/\/remarte.com\/tr\/wp-json\/wp\/v2\/types\/page"}],"author":[{"embeddable":true,"href":"https:\/\/remarte.com\/tr\/wp-json\/wp\/v2\/users\/1"}],"replies":[{"embeddable":true,"href":"https:\/\/remarte.com\/tr\/wp-json\/wp\/v2\/comments?post=26"}],"version-history":[{"count":11,"href":"https:\/\/remarte.com\/tr\/wp-json\/wp\/v2\/pages\/26\/revisions"}],"predecessor-version":[{"id":569,"href":"https:\/\/remarte.com\/tr\/wp-json\/wp\/v2\/pages\/26\/revisions\/569"}],"wp:attachment":[{"href":"https:\/\/remarte.com\/tr\/wp-json\/wp\/v2\/media?parent=26"}],"curies":[{"name":"wp","href":"https:\/\/api.w.org\/{rel}","templated":true}]}}