{"id":36,"date":"2022-03-23T11:08:13","date_gmt":"2022-03-23T11:08:13","guid":{"rendered":"http:\/\/remarte.com\/?page_id=36"},"modified":"2024-07-24T18:09:10","modified_gmt":"2024-07-24T18:09:10","slug":"vizyon-misyon","status":"publish","type":"page","link":"https:\/\/remarte.com\/tr\/vizyon-misyon","title":{"rendered":"Vizyon &#038; Misyon"},"content":{"rendered":"<!--themify_builder_content-->\n<div id=\"themify_builder_content-36\" data-postid=\"36\" class=\"themify_builder_content themify_builder_content-36 themify_builder tf_clear\">\n    \t<!-- module_row -->\n\t<div  data-lazy=\"1\" class=\"module_row themify_builder_row tb_x7qb645 tb_first tf_clearfix\">\n\t    \t\t<div class=\"row_inner col_align_top col-count-2 tf_box tf_w tf_rel\"  data-mobile_dir=\"rtl\">\n\t\t\t<div  data-lazy=\"1\" class=\"module_column tb-column col4-1 first tb_zli3656 tf_box\">\n\t\t\t    \t        <div class=\"tb-column-inner tf_box tf_w\">\n\t\t    <!-- module menu -->\n<div  class=\"module module-menu tb_3g6d955  mobile-menu-slide\" data-menu-style=\"mobile-menu-slide\" data-menu-breakpoint=\"0\" data-element-id=\"tb_3g6d955\" data-lazy=\"1\">\n    \t\n\t<div class=\"module-menu-container \"><ul id=\"menu-abut-tr\" class=\"ui tf_clearfix nav tf_rel vertical tb_default_color shadow\"><li id=\"menu-item-521\" class=\"menu-item-custom-521 menu-item menu-item-type-custom menu-item-object-custom menu-item-521\"><a href=\"https:\/\/remarte.com\/tr\/hakkimizda\">Hakk\u0131m\u0131zda<\/a><\/li>\n<li id=\"menu-item-512\" class=\"menu-item-page-36 menu-item menu-item-type-post_type menu-item-object-page menu-item-512\"><a href=\"https:\/\/remarte.com\/tr\/vizyon-misyon\">Vizyon &#038; Misyon<\/a><\/li>\n<li id=\"menu-item-513\" class=\"menu-item-page-90 menu-item menu-item-type-post_type menu-item-object-page menu-item-513\"><a href=\"https:\/\/remarte.com\/tr\/kvkk-bilgilendirmesi\">KVKK<\/a><\/li>\n<li id=\"menu-item-514\" class=\"menu-item-page-453 menu-item menu-item-type-post_type menu-item-object-page menu-item-514\"><a href=\"https:\/\/remarte.com\/tr\/degerlerimiz\">De\u011ferlerimiz<\/a><\/li>\n<\/ul><\/div>\t\t<style>\n\t\t\t.mobile-menu-module[data-module=\"tb_3g6d955\"] {\n\t\t\t\tright: -300px;\n\t\t\t}\n\t\t<\/style>\n\t<\/div>\n<!-- \/module menu -->\n\t        <\/div>\n\t    \t<\/div>\n\t\t<div  data-lazy=\"1\" class=\"module_column tb-column col4-3 last tb_u7jq733 tf_box\">\n\t\t\t    \t        <div class=\"tb-column-inner tf_box tf_w\">\n\t\t    <!-- module text -->\n<div  class=\"module module-text tb_y9gz635   \" data-lazy=\"1\">\n        <div  class=\"tb_text_wrap\">\n    <p><strong>Vizyonumuz<\/strong><\/p>\n<p>Sa\u011fl\u0131k sekt\u00f6r\u00fcne yeni \u00fcr\u00fcnler kazand\u0131rarak h\u0131zla b\u00fcy\u00fcyen, kendi markalar\u0131 ile varl\u0131k g\u00f6steren ve t\u00fcm payda\u015flar\u0131nca tercih edilen bir firma olmakt\u0131r.<\/p>\n<p><strong>Misyonumuz<\/strong><\/p>\n<p>\u0130nsan sa\u011fl\u0131\u011f\u0131na hizmet etmek ad\u0131na farkl\u0131 alanlarda sundu\u011fu yenilik\u00e7i ve g\u00fcvenilir \u00fcr\u00fcnler ile ya\u015fam kalitesini y\u00fckseltmektir.<\/p>    <\/div>\n<\/div>\n<!-- \/module text -->\t        <\/div>\n\t    \t<\/div>\n\t\t    <\/div>\n\t    <!-- \/row_inner -->\n\t<\/div>\n\t<!-- \/module_row -->\n\t<\/div>\n<!--\/themify_builder_content-->","protected":false},"excerpt":{"rendered":"<p>Vizyon &#038; Misyon KVKK De\u011ferlerimiz Vizyonumuz Sa\u011fl\u0131k sekt\u00f6r\u00fcne yeni \u00fcr\u00fcnler kazand\u0131rarak h\u0131zla b\u00fcy\u00fcyen, kendi markalar\u0131 ile varl\u0131k g\u00f6steren ve t\u00fcm payda\u015flar\u0131nca tercih edilen bir firma olmakt\u0131r. Misyonumuz \u0130nsan sa\u011fl\u0131\u011f\u0131na hizmet etmek ad\u0131na farkl\u0131 alanlarda sundu\u011fu yenilik\u00e7i ve g\u00fcvenilir \u00fcr\u00fcnler ile ya\u015fam kalitesini y\u00fckseltmektir.<\/p>\n","protected":false},"author":1,"featured_media":0,"parent":0,"menu_order":0,"comment_status":"closed","ping_status":"closed","template":"","meta":{"footnotes":""},"class_list":["post-36","page","type-page","status-publish","hentry","has-post-title","has-post-date","has-post-category","has-post-tag","has-post-comment","has-post-author",""],"_links":{"self":[{"href":"https:\/\/remarte.com\/tr\/wp-json\/wp\/v2\/pages\/36","targetHints":{"allow":["GET"]}}],"collection":[{"href":"https:\/\/remarte.com\/tr\/wp-json\/wp\/v2\/pages"}],"about":[{"href":"https:\/\/remarte.com\/tr\/wp-json\/wp\/v2\/types\/page"}],"author":[{"embeddable":true,"href":"https:\/\/remarte.com\/tr\/wp-json\/wp\/v2\/users\/1"}],"replies":[{"embeddable":true,"href":"https:\/\/remarte.com\/tr\/wp-json\/wp\/v2\/comments?post=36"}],"version-history":[{"count":3,"href":"https:\/\/remarte.com\/tr\/wp-json\/wp\/v2\/pages\/36\/revisions"}],"predecessor-version":[{"id":516,"href":"https:\/\/remarte.com\/tr\/wp-json\/wp\/v2\/pages\/36\/revisions\/516"}],"wp:attachment":[{"href":"https:\/\/remarte.com\/tr\/wp-json\/wp\/v2\/media?parent=36"}],"curies":[{"name":"wp","href":"https:\/\/api.w.org\/{rel}","templated":true}]}}