{"id":43,"date":"2022-03-23T11:10:36","date_gmt":"2022-03-23T11:10:36","guid":{"rendered":"http:\/\/remarte.com\/?page_id=43"},"modified":"2024-06-10T12:28:17","modified_gmt":"2024-06-10T12:28:17","slug":"kisisel-verilerin-islenmesine-iliskin-aydinlatma-metni","status":"publish","type":"page","link":"https:\/\/remarte.com\/tr\/kisisel-verilerin-islenmesine-iliskin-aydinlatma-metni","title":{"rendered":"Ki\u015fisel Verilerin \u0130\u015flenmesine \u0130li\u015fkin Ayd\u0131nlatma Metni"},"content":{"rendered":"<!--themify_builder_content-->\n<div id=\"themify_builder_content-43\" data-postid=\"43\" class=\"themify_builder_content themify_builder_content-43 themify_builder tf_clear\">\n    \t<!-- module_row -->\n\t<div  data-lazy=\"1\" class=\"module_row themify_builder_row tb_x7qb645 tb_first tf_clearfix\">\n\t    \t\t<div class=\"row_inner col_align_top col-count-2 tf_box tf_w tf_rel\"  data-mobile_dir=\"rtl\">\n\t\t\t<div  data-lazy=\"1\" class=\"module_column tb-column col4-1 first tb_zli3656 tf_box\">\n\t\t\t    \t        <div class=\"tb-column-inner tf_box tf_w\">\n\t\t    <!-- module menu -->\n<div  class=\"module module-menu tb_3g6d955  mobile-menu-slide\" data-menu-style=\"mobile-menu-slide\" data-menu-breakpoint=\"0\" data-element-id=\"tb_3g6d955\" data-lazy=\"1\">\n    \t\n\t<div class=\"module-menu-container \"><ul id=\"menu-kvkk\" class=\"ui tf_clearfix nav tf_rel vertical tb_default_color shadow\"><li id=\"menu-item-68\" class=\"menu-item-page-46 menu-item menu-item-type-post_type menu-item-object-page menu-item-68\"><a href=\"https:\/\/remarte.com\/tr\/aydinlatma-metni\">Ayd\u0131nlatma Metni<\/a><\/li>\n<li id=\"menu-item-70\" class=\"menu-item-custom-70 menu-item menu-item-type-custom menu-item-object-custom menu-item-70\"><a href=\"http:\/\/remarte.com\/wp-content\/uploads\/2022\/03\/KVKK-Basvuru-ve-Bilgi-Talep-Formu-Remarte.pdf\">Ba\u015fvuru ve Bilgi Talep Formu<\/a><\/li>\n<li id=\"menu-item-67\" class=\"menu-item-page-56 menu-item menu-item-type-post_type menu-item-object-page menu-item-67\"><a href=\"https:\/\/remarte.com\/tr\/gizlilik-politikasi\">Gizlilik Politikas\u0131<\/a><\/li>\n<li id=\"menu-item-69\" class=\"menu-item-page-59 menu-item menu-item-type-post_type menu-item-object-page menu-item-69\"><a href=\"https:\/\/remarte.com\/tr\/ozel-nitelikli-kisisel-verilerin-korunmasi-ve-islenmesi-politikasi\">\u00d6zel Nitelikli Ki\u015fisel Verilerin Korunmas\u0131 ve \u0130\u015flenmesi Politikas\u0131<\/a><\/li>\n<li id=\"menu-item-66\" class=\"menu-item-page-63 menu-item menu-item-type-post_type menu-item-object-page menu-item-66\"><a href=\"https:\/\/remarte.com\/tr\/cerez-politikasi\">\u00c7erez Politikas\u0131<\/a><\/li>\n<\/ul><\/div>\t\t<style>\n\t\t\t.mobile-menu-module[data-module=\"tb_3g6d955\"] {\n\t\t\t\tright: -300px;\n\t\t\t}\n\t\t<\/style>\n\t<\/div>\n<!-- \/module menu -->\n\t        <\/div>\n\t    \t<\/div>\n\t\t<div  data-lazy=\"1\" class=\"module_column tb-column col4-3 last tb_u7jq733 tf_box\">\n\t\t\t    \t        <div class=\"tb-column-inner tf_box tf_w\">\n\t\t    <!-- module text -->\n<div  class=\"module module-text tb_y9gz635   \" data-lazy=\"1\">\n        <div  class=\"tb_text_wrap\">\n    <p>REMARTE\u2019ya ho\u015f geldiniz!<\/p>\n<p>REMARTE olarak sizlere ait ki\u015fisel verilerinizin ve \u00f6zel bilgilerinizin korunmas\u0131 bizim i\u00e7in de\u011ferlidir. Bu nedenle REMARTE ile ili\u015fkili \u015fah\u0131slara ait ki\u015fisel verilerin 6698 say\u0131l\u0131 Ki\u015fisel Verilerin Korunmas\u0131 Kanununa (\u201cKVKK\u201d) uygun olarak i\u015flenerek, muhafaza edilmesi hususunda gereken b\u00fct\u00fcn gayret ve \u00f6zeni g\u00f6steriyoruz. Veri Sorumlusu s\u0131fat\u0131yla REMARTE, ki\u015fisel verilerinizle ilgili b\u00fct\u00fcn i\u015flemlerde verilerinizin korunmas\u0131 i\u00e7in gereken idari ve teknik tedbirler almakta, KVKK do\u011frultusunda, ki\u015fisel verilerinizi a\u015fa\u011f\u0131da a\u00e7\u0131klanan \u015fartlarda ve mevzuatta \u00f6ng\u00f6r\u00fclen s\u0131n\u0131rlar dahilinde i\u015flemektedir.<\/p>\n<p>\u0130nternet sitemizin ziyaret edilmesi s\u0131ras\u0131nda kaydedilen ki\u015fisel bilgiler, Ki\u015fisel Verilerin Korunmas\u0131na ili\u015fkin mevzuat gere\u011fince i\u015flenmektedir. Bu konuda yine sayfam\u0131zda bulabilece\u011finiz\u00a0<a href=\"http:\/\/remarte.com\/gizlilik-politikasi\"><i><u>Gizlilik Politikam\u0131z\u0131<\/u><\/i><\/a> inceleyiniz. Ancak \u00f6nemle belirtelim ki, REMARTE internet sitesinde yap\u0131lan y\u00f6nlendirmelerde (link verilen) di\u011fer internet sitelerindeki veri g\u00fcvenli\u011fi konusunda bir garanti sunulamamaktad\u0131r. Bu konuda ilgili sayfan\u0131n veri g\u00fcvenli\u011fi ile ilgili politikas\u0131 dikkatlice incelenmelidir.<\/p>    <\/div>\n<\/div>\n<!-- \/module text -->\t        <\/div>\n\t    \t<\/div>\n\t\t    <\/div>\n\t    <!-- \/row_inner -->\n\t<\/div>\n\t<!-- \/module_row -->\n\t<\/div>\n<!--\/themify_builder_content-->","protected":false},"excerpt":{"rendered":"<p>Ayd\u0131nlatma Metni Ba\u015fvuru ve Bilgi Talep Formu Gizlilik Politikas\u0131 \u00d6zel Nitelikli Ki\u015fisel Verilerin Korunmas\u0131 ve \u0130\u015flenmesi Politikas\u0131 \u00c7erez Politikas\u0131 REMARTE\u2019ya ho\u015f geldiniz! REMARTE olarak sizlere ait ki\u015fisel verilerinizin ve \u00f6zel bilgilerinizin korunmas\u0131 bizim i\u00e7in de\u011ferlidir. Bu nedenle REMARTE ile ili\u015fkili \u015fah\u0131slara ait ki\u015fisel verilerin 6698 say\u0131l\u0131 Ki\u015fisel Verilerin Korunmas\u0131 Kanununa (\u201cKVKK\u201d) uygun olarak i\u015flenerek, muhafaza [&hellip;]<\/p>\n","protected":false},"author":1,"featured_media":0,"parent":0,"menu_order":0,"comment_status":"closed","ping_status":"closed","template":"","meta":{"footnotes":""},"class_list":["post-43","page","type-page","status-publish","hentry","has-post-title","has-post-date","has-post-category","has-post-tag","has-post-comment","has-post-author",""],"_links":{"self":[{"href":"https:\/\/remarte.com\/tr\/wp-json\/wp\/v2\/pages\/43","targetHints":{"allow":["GET"]}}],"collection":[{"href":"https:\/\/remarte.com\/tr\/wp-json\/wp\/v2\/pages"}],"about":[{"href":"https:\/\/remarte.com\/tr\/wp-json\/wp\/v2\/types\/page"}],"author":[{"embeddable":true,"href":"https:\/\/remarte.com\/tr\/wp-json\/wp\/v2\/users\/1"}],"replies":[{"embeddable":true,"href":"https:\/\/remarte.com\/tr\/wp-json\/wp\/v2\/comments?post=43"}],"version-history":[{"count":8,"href":"https:\/\/remarte.com\/tr\/wp-json\/wp\/v2\/pages\/43\/revisions"}],"predecessor-version":[{"id":373,"href":"https:\/\/remarte.com\/tr\/wp-json\/wp\/v2\/pages\/43\/revisions\/373"}],"wp:attachment":[{"href":"https:\/\/remarte.com\/tr\/wp-json\/wp\/v2\/media?parent=43"}],"curies":[{"name":"wp","href":"https:\/\/api.w.org\/{rel}","templated":true}]}}