{"id":453,"date":"2024-07-23T19:15:44","date_gmt":"2024-07-23T19:15:44","guid":{"rendered":"https:\/\/remarte.com\/?page_id=453"},"modified":"2024-07-25T16:21:02","modified_gmt":"2024-07-25T16:21:02","slug":"degerlerimiz","status":"publish","type":"page","link":"https:\/\/remarte.com\/tr\/degerlerimiz","title":{"rendered":"De\u011ferlerimiz"},"content":{"rendered":"<!--themify_builder_content-->\n<div id=\"themify_builder_content-453\" data-postid=\"453\" class=\"themify_builder_content themify_builder_content-453 themify_builder tf_clear\">\n    \t<!-- module_row -->\n\t<div  data-lazy=\"1\" class=\"module_row themify_builder_row tb_d93j277 tb_first tf_clearfix\">\n\t    \t\t<div class=\"row_inner col_align_top col-count-2 tf_box tf_w tf_rel\">\n\t\t\t<div  data-lazy=\"1\" class=\"module_column tb-column col3-1 first tb_3v6d277 tf_box\">\n\t\t\t    \t        <div class=\"tb-column-inner tf_box tf_w\">\n\t\t    <!-- module menu -->\n<div  class=\"module module-menu tb_n696317  mobile-menu-slide\" data-menu-style=\"mobile-menu-slide\" data-menu-breakpoint=\"0\" data-element-id=\"tb_n696317\" data-lazy=\"1\">\n    \t\n\t<div class=\"module-menu-container \"><ul id=\"menu-abut-tr\" class=\"ui tf_clearfix nav tf_rel vertical tb_default_color  tf_acc_menu\"><li id=\"menu-item-521\" class=\"menu-item-custom-521 menu-item menu-item-type-custom menu-item-object-custom menu-item-521\"><a href=\"https:\/\/remarte.com\/tr\/hakkimizda\">Hakk\u0131m\u0131zda<\/a><\/li>\n<li id=\"menu-item-512\" class=\"menu-item-page-36 menu-item menu-item-type-post_type menu-item-object-page menu-item-512\"><a href=\"https:\/\/remarte.com\/tr\/vizyon-misyon\">Vizyon &#038; Misyon<\/a><\/li>\n<li id=\"menu-item-513\" class=\"menu-item-page-90 menu-item menu-item-type-post_type menu-item-object-page menu-item-513\"><a href=\"https:\/\/remarte.com\/tr\/kvkk-bilgilendirmesi\">KVKK<\/a><\/li>\n<li id=\"menu-item-514\" class=\"menu-item-page-453 menu-item menu-item-type-post_type menu-item-object-page menu-item-514\"><a href=\"https:\/\/remarte.com\/tr\/degerlerimiz\">De\u011ferlerimiz<\/a><\/li>\n<\/ul><\/div>\t\t<style>\n\t\t\t.mobile-menu-module[data-module=\"tb_n696317\"] {\n\t\t\t\tright: -300px;\n\t\t\t}\n\t\t<\/style>\n\t<\/div>\n<!-- \/module menu -->\n\t        <\/div>\n\t    \t<\/div>\n\t\t<div  data-lazy=\"1\" class=\"module_column tb-column col3-2 last tb_ht7g595 tf_box\">\n\t\t\t    \t        <div class=\"tb-column-inner tf_box tf_w\">\n\t\t    <!-- module text -->\n<div  class=\"module module-text tb_88yx137   \" data-lazy=\"1\">\n        <div  class=\"tb_text_wrap\">\n    <ul>\n<li>Sayg\u0131 Temel \u0130lkemizdir<\/li>\n<li>S\u00fcrekli Geli\u015fime \u0130nan\u0131r\u0131z<\/li>\n<li>Herkes \u0130\u015finin Lideridir<\/li>\n<li>Kaliteden \u00d6d\u00fcn Vermeyiz<\/li>\n<\/ul>    <\/div>\n<\/div>\n<!-- \/module text -->\t        <\/div>\n\t    \t<\/div>\n\t\t    <\/div>\n\t    <!-- \/row_inner -->\n\t<\/div>\n\t<!-- \/module_row -->\n\t<\/div>\n<!--\/themify_builder_content-->","protected":false},"excerpt":{"rendered":"<p>Vizyon &#038; Misyon KVKK De\u011ferlerimiz Sayg\u0131 Temel \u0130lkemizdir S\u00fcrekli Geli\u015fime \u0130nan\u0131r\u0131z Herkes \u0130\u015finin Lideridir Kaliteden \u00d6d\u00fcn Vermeyiz<\/p>\n","protected":false},"author":1,"featured_media":0,"parent":0,"menu_order":0,"comment_status":"closed","ping_status":"closed","template":"","meta":{"footnotes":""},"class_list":["post-453","page","type-page","status-publish","hentry","has-post-title","has-post-date","has-post-category","has-post-tag","has-post-comment","has-post-author",""],"_links":{"self":[{"href":"https:\/\/remarte.com\/tr\/wp-json\/wp\/v2\/pages\/453","targetHints":{"allow":["GET"]}}],"collection":[{"href":"https:\/\/remarte.com\/tr\/wp-json\/wp\/v2\/pages"}],"about":[{"href":"https:\/\/remarte.com\/tr\/wp-json\/wp\/v2\/types\/page"}],"author":[{"embeddable":true,"href":"https:\/\/remarte.com\/tr\/wp-json\/wp\/v2\/users\/1"}],"replies":[{"embeddable":true,"href":"https:\/\/remarte.com\/tr\/wp-json\/wp\/v2\/comments?post=453"}],"version-history":[{"count":9,"href":"https:\/\/remarte.com\/tr\/wp-json\/wp\/v2\/pages\/453\/revisions"}],"predecessor-version":[{"id":532,"href":"https:\/\/remarte.com\/tr\/wp-json\/wp\/v2\/pages\/453\/revisions\/532"}],"wp:attachment":[{"href":"https:\/\/remarte.com\/tr\/wp-json\/wp\/v2\/media?parent=453"}],"curies":[{"name":"wp","href":"https:\/\/api.w.org\/{rel}","templated":true}]}}