{"id":46,"date":"2022-03-23T11:13:17","date_gmt":"2022-03-23T11:13:17","guid":{"rendered":"http:\/\/remarte.com\/?page_id=46"},"modified":"2024-06-27T16:28:16","modified_gmt":"2024-06-27T16:28:16","slug":"aydinlatma-metni","status":"publish","type":"page","link":"https:\/\/remarte.com\/tr\/aydinlatma-metni","title":{"rendered":"Ayd\u0131nlatma Metni"},"content":{"rendered":"<!--themify_builder_content-->\n<div id=\"themify_builder_content-46\" data-postid=\"46\" class=\"themify_builder_content themify_builder_content-46 themify_builder tf_clear\">\n    \t<!-- module_row -->\n\t<div  data-lazy=\"1\" class=\"module_row themify_builder_row tb_x7qb645 tb_first tf_clearfix\">\n\t    \t\t<div class=\"row_inner col_align_top col-count-2 tf_box tf_w tf_rel\"  data-mobile_dir=\"rtl\">\n\t\t\t<div  data-lazy=\"1\" class=\"module_column tb-column col4-1 first tb_zli3656 tf_box\">\n\t\t\t    \t        <div class=\"tb-column-inner tf_box tf_w\">\n\t\t    <!-- module menu -->\n<div  class=\"module module-menu tb_3g6d955  mobile-menu-slide\" data-menu-style=\"mobile-menu-slide\" data-menu-breakpoint=\"0\" data-element-id=\"tb_3g6d955\" data-lazy=\"1\">\n    \t\n\t<div class=\"module-menu-container \"><ul id=\"menu-kvkk\" class=\"ui tf_clearfix nav tf_rel vertical tb_default_color shadow\"><li id=\"menu-item-68\" class=\"menu-item-page-46 menu-item menu-item-type-post_type menu-item-object-page menu-item-68\"><a href=\"https:\/\/remarte.com\/tr\/aydinlatma-metni\">Ayd\u0131nlatma Metni<\/a><\/li>\n<li id=\"menu-item-70\" class=\"menu-item-custom-70 menu-item menu-item-type-custom menu-item-object-custom menu-item-70\"><a href=\"http:\/\/remarte.com\/wp-content\/uploads\/2022\/03\/KVKK-Basvuru-ve-Bilgi-Talep-Formu-Remarte.pdf\">Ba\u015fvuru ve Bilgi Talep Formu<\/a><\/li>\n<li id=\"menu-item-67\" class=\"menu-item-page-56 menu-item menu-item-type-post_type menu-item-object-page menu-item-67\"><a href=\"https:\/\/remarte.com\/tr\/gizlilik-politikasi\">Gizlilik Politikas\u0131<\/a><\/li>\n<li id=\"menu-item-69\" class=\"menu-item-page-59 menu-item menu-item-type-post_type menu-item-object-page menu-item-69\"><a href=\"https:\/\/remarte.com\/tr\/ozel-nitelikli-kisisel-verilerin-korunmasi-ve-islenmesi-politikasi\">\u00d6zel Nitelikli Ki\u015fisel Verilerin Korunmas\u0131 ve \u0130\u015flenmesi Politikas\u0131<\/a><\/li>\n<li id=\"menu-item-66\" class=\"menu-item-page-63 menu-item menu-item-type-post_type menu-item-object-page menu-item-66\"><a href=\"https:\/\/remarte.com\/tr\/cerez-politikasi\">\u00c7erez Politikas\u0131<\/a><\/li>\n<\/ul><\/div>\t\t<style>\n\t\t\t.mobile-menu-module[data-module=\"tb_3g6d955\"] {\n\t\t\t\tright: -300px;\n\t\t\t}\n\t\t<\/style>\n\t<\/div>\n<!-- \/module menu -->\n\t        <\/div>\n\t    \t<\/div>\n\t\t<div  data-lazy=\"1\" class=\"module_column tb-column col4-3 last tb_u7jq733 tf_box\">\n\t\t\t    \t        <div class=\"tb-column-inner tf_box tf_w\">\n\t\t    <!-- module text -->\n<div  class=\"module module-text tb_y9gz635   \" data-lazy=\"1\">\n        <div  class=\"tb_text_wrap\">\n    <div class=\"wpb_text_column wpb_content_element \">\n<div class=\"wpb_wrapper\">\n<ol>\n<li><strong> Hukuki Nitelik ve Kapsam<\/strong><\/li>\n<\/ol>\n<p>6698 say\u0131l\u0131 Ki\u015fisel Verilerin Korunmas\u0131 Kanunu\u2019nun (\u201cKVKK\u201d) 10\u2019uncu maddesi, verileri i\u015flenen kimselerin onaylar\u0131 al\u0131n\u0131rken kendisinin ayd\u0131nlat\u0131lmas\u0131n\u0131 istemi\u015ftir. Madde ba\u015fl\u0131\u011f\u0131 \u201cVeri Sorumlusunun Ayd\u0131nlatma Y\u00fck\u00fcml\u00fcl\u00fc\u011f\u00fc\u201dd\u00fcr. KVKK h\u00fck\u00fcmlerine g\u00f6re REMARTE, \u201cVeri Sorumlusu\u201ddur. Bu \u00e7er\u00e7evede, ayd\u0131nlatma y\u00fck\u00fcml\u00fcl\u00fc\u011f\u00fc ile veri sahiplerini veri sorumlusunun kimli\u011fi, ki\u015fisel veri i\u015fleme ama\u00e7lar\u0131, ki\u015fisel verilerin aktar\u0131ld\u0131\u011f\u0131 ki\u015filer ve aktarma ama\u00e7lar\u0131, ki\u015fisel verilerin toplanmas\u0131n\u0131n hukuki sebepleri, kimlere aktar\u0131labilece\u011fi ve y\u00f6ntemleri, ki\u015fisel veri sahibinin veri sorumlusuna y\u00f6neltece\u011fi g\u00fcncelleme, silinme ya da anonimle\u015ftirme gibi KVKK\u2019n\u0131n 11\u2019inci maddesinde say\u0131lan haklar\u0131 konusunda bilgilendirme y\u00fck\u00fcml\u00fcl\u00fc\u011f\u00fc getirmi\u015ftir.<\/p>\n<p>Veri Sorumlusu s\u0131fat\u0131yla REMARTE, Ki\u015fisel Verilerin \u0130\u015flenmesine \u0130li\u015fkin Ayd\u0131nlatma Metni ile KVKK\u2019n\u0131n 10\u2019uncu maddesi h\u00fckm\u00fc uyar\u0131nca ki\u015fisel verilerinizi mevzuatta \u00f6ng\u00f6r\u00fclen s\u0131n\u0131rlar ve \u015fartlar dahilinde i\u015fledi\u011fi hususunda veri sahiplerini bilgilendirmekte ve ayd\u0131nlatmaktad\u0131r.<\/p>\n<ol start=\"2\">\n<li><strong> Veri Sorumlusunun Kimli\u011fi<\/strong><\/li>\n<\/ol>\n<p>KVKK\u2019n\u0131n 3\u2019\u00fcnc\u00fc maddesinin 1\u2019inci f\u0131kras\u0131n\u0131n (\u0131) bendinde veri sorumlusu, \u201cKi\u015fisel verilerin i\u015fleme ama\u00e7lar\u0131n\u0131 ve vas\u0131talar\u0131n\u0131 belirleyen, veri kay\u0131t sisteminin kurulmas\u0131ndan ve y\u00f6netilmesinden sorumlu olan ger\u00e7ek veya t\u00fczel ki\u015filer\u201d olarak tan\u0131mlanm\u0131\u015ft\u0131r. Bu \u00e7er\u00e7evede veri sorumlusu REMARTE \u0130la\u00e7 San. \u0130thalat \u0130hracat A.\u015e.\u2019dir. \u015eirketimizin ileti\u015fim bilgileri a\u015fa\u011f\u0131daki gibidir:<\/p>\n<p>REMARTE \u0130la\u00e7 San. \u0130thalat \u0130hracat A.\u015e.<\/p>\n<p>Adres: \u015eerifali Mah. Bayraktar Bulvar\u0131 Beyan Sok. No:12 34775 \u00dcmraniye\/\u0130stanbul<\/p>\n<p>Tel: +90 216 314 23 23<\/p>\n<p>E-Posta:\u00a0<a href=\"mailto:info@remarte.com\">info@remarte.com<\/a><\/p>\n<ol start=\"3\">\n<li><strong> Veri \u0130\u015fleyen<\/strong><\/li>\n<\/ol>\n<p>Veri sorumlusunun verdi\u011fi yetkiye dayanarak onun ad\u0131na ki\u015fisel verileri i\u015fleyen ger\u00e7ek veya t\u00fczel ki\u015fiyi KVKK m. 3\u2019te \u201cVeri \u0130\u015fleyen\u201d olarak tan\u0131mlanm\u0131\u015ft\u0131r.<\/p>\n<ol start=\"4\">\n<li><strong> Ki\u015fisel Verilerinizin \u0130\u015flenme Ama\u00e7lar\u0131<\/strong><\/li>\n<\/ol>\n<p>Ki\u015fisel verileriniz;<\/p>\n<ol>\n<li>\u00dcr\u00fcnlerimizin t\u0131bbi-bilimsel \u00f6zellikleri hakk\u0131nda \u015firketimiz taraf\u0131ndan d\u00fczenlenen veya \u015firketimizin ad\u0131, talebi, katk\u0131s\u0131, deste\u011fi ile sa\u011fl\u0131k meslek mensuplar\u0131na ger\u00e7ekle\u015ftirilecek b\u00fct\u00fcn bilgi verme faaliyetlerinin; bu \u00e7er\u00e7evede \u00fcr\u00fcn tan\u0131t\u0131m temsilcilerinin aktivitelerinin, t\u0131bbi ve mesleki kitap ve dergilere verilecek ilanlar\u0131n, do\u011frudan postalama veya di\u011fer ileti\u015fim ara\u00e7lar\u0131 yoluyla yap\u0131lacak duyurular\u0131n, bilimsel toplant\u0131lar\u0131n ve \u00fcr\u00fcn tan\u0131t\u0131m toplant\u0131lar\u0131n\u0131n ve benzeri etkinlikler ile yap\u0131lacak faaliyetlerin planlanmas\u0131, y\u00fcr\u00fct\u00fclmesi ve yap\u0131lan faaliyetler hakk\u0131nda mevzuat do\u011frultusunda talep edilen bilgilerin ilgili kurum ve kurulu\u015flara aktar\u0131lmas\u0131, \u00fcr\u00fcnlerimizin g\u00fcvenli\u011fi ile ilgili hususlarda gerekli takibin yap\u0131labilmesi,<\/li>\n<li>\u00dcr\u00fcnlerimizin g\u00fcvenli bir \u015fekilde kullan\u0131mlar\u0131n\u0131n sa\u011flanmas\u0131 amac\u0131yla advers reaksiyonlar\u0131n ve yarar\/risk dengelerinin sistematik bir \u015fekilde izlenmesi, bu hususta bilgi toplanmas\u0131, kay\u0131t alt\u0131na al\u0131nmas\u0131, de\u011ferlendirilmesi, ar\u015fivlenmesi, taraflar aras\u0131nda irtibat kurulmas\u0131 ve \u00fcr\u00fcnlerimizin yol a\u00e7abilece\u011fi zarar\u0131n en az d\u00fczeye indirilebilmesi i\u00e7in gerekli tedbirlerin al\u0131nabilmesi,<\/li>\n<li>\u00dcr\u00fcnlerimizin kalitesinin takibi ve t\u00fcketicinin sa\u011fl\u0131\u011f\u0131 ve emniyeti a\u00e7\u0131s\u0131ndan, hatal\u0131 oldu\u011fundan \u015f\u00fcphe edilen, hatal\u0131 bulunan ya da kullan\u0131lmas\u0131nda sak\u0131nca g\u00f6r\u00fclen \u00fcr\u00fcnlerin ara\u015ft\u0131r\u0131lmas\u0131, gerekli oldu\u011fu durumlarda piyasadan k\u0131sa s\u00fcrede ve etkin bir \u015fekilde geri \u00e7ekilebilmesi,<\/li>\n<li>\u0130nsan kaynaklar\u0131 politikalar\u0131m\u0131z\u0131n en iyi \u015fekilde planlanmas\u0131 ve uygulanmas\u0131; ticari ortakl\u0131klar\u0131m\u0131z\u0131n ve stratejilerimizin do\u011fru olarak planlanmas\u0131 ve y\u00fcr\u00fct\u00fclmesi; \u015eirketimizin ve i\u015f ortaklar\u0131m\u0131z\u0131n hukuki, ticari ve fiziki g\u00fcvenli\u011finin temini, \u015eirket kurumsal i\u015fleyi\u015finin sa\u011flanmas\u0131, \u015eirketimiz taraf\u0131ndan sunulan \u00fcr\u00fcn ve hizmetlerden sizleri en iyi \u015fekilde faydaland\u0131rmak i\u00e7in \u00e7al\u0131\u015fmalar\u0131n yap\u0131lmas\u0131,<\/li>\n<li>Veri g\u00fcvenli\u011finin en \u00fcst d\u00fczeyde sa\u011flanmas\u0131, veri tabanlar\u0131n\u0131n olu\u015fturulmas\u0131 \u015eirketimiz internet sitesinde sunulan hizmetlerin geli\u015ftirilmesi, \u015eirketimize talep ve \u015fikayetlerini iletenler ile ileti\u015fime ge\u00e7ilmesi, \u015eirketimiz internet sitesinde olu\u015fan hatalar\u0131n giderilmesi ve\u00a0<a href=\"http:\/\/www.remarte.com\/\">remarte.com<\/a>\u00a0adresinden payla\u015f\u0131lm\u0131\u015f olan REMARTE Ki\u015fisel Verilerin Korunmas\u0131 ve \u0130\u015fleme Politikas\u0131nda yer alan h\u00fck\u00fcmlerin uygunlu\u011funun sa\u011flanmas\u0131,<\/li>\n<li>\u015eirkete ait stratejilerin belirlenmesi<\/li>\n<\/ol>\n<p>ama\u00e7lar\u0131yla KVK Kanunu\u2019nun 5. ve 6. maddelerinde belirtilen ki\u015fisel veri i\u015fleme \u015fartlar\u0131 kapsam\u0131nda i\u015flenir.<\/p>\n<ol start=\"5\">\n<li><strong> \u0130\u015flenen Ki\u015fisel Verilerin Kimlere ve Hangi Ama\u00e7la Aktar\u0131labilece\u011fi<\/strong><\/li>\n<\/ol>\n<p>\u015eirketimizde KVKK\u2019ya uygun olarak toplanan ve i\u015flenen ki\u015fisel verileriniz, sadece \u015firket faaliyetlerinin y\u00fcr\u00fct\u00fclebilmesi, i\u015fin gere\u011fi gibi yap\u0131labilmesi ve yukar\u0131da say\u0131lan ama\u00e7lar\u0131n ger\u00e7ekle\u015ftirilmesi i\u00e7in gizlilik s\u00f6zle\u015fmesi e\u015fli\u011finde;<\/p>\n<p>REMARTE ki\u015fisel verileri, \u00e7\u00f6z\u00fcm ortaklar\u0131na ve ifa yard\u0131mc\u0131s\u0131 konumundaki \u015firketlere aktarabilecektir.<\/p>\n<ol start=\"6\">\n<li><strong>Ki\u015fisel Verileri \u0130\u015flemeye \u0130li\u015fkin Temel \u0130lkelerimiz<\/strong><\/li>\n<\/ol>\n<p>REMARTE olarak;<\/p>\n<ol>\n<li>a)Hukuka ve d\u00fcr\u00fcstl\u00fck kurallar\u0131na uygun i\u015flemeyi,<br>b)\u00a0Do\u011fru ve g\u00fcncelli\u011fi sa\u011flama gayretinde olmay\u0131,<br>c)\u00a0Belirli, a\u00e7\u0131k ve me\u015fru ama\u00e7lar i\u00e7in i\u015flemeyi,<br>\u00e7)\u00a0\u0130\u015flendikleri ama\u00e7la ba\u011flant\u0131l\u0131, s\u0131n\u0131rl\u0131 ve \u00f6l\u00e7\u00fcl\u00fc olmay\u0131,<br>d)\u00a0\u0130lgili mevzuatta \u00f6ng\u00f6r\u00fclen veya i\u015flendikleri ama\u00e7 i\u00e7in gerekli olan s\u00fcre kadar muhafaza etmeyi<\/li>\n<\/ol>\n<p>ilke edindik.<\/p>\n<ol start=\"7\">\n<li><strong> Ki\u015fisel Verilerin \u0130\u015flenme Yollar\u0131<\/strong><\/li>\n<\/ol>\n<p>Verileriniz, REMARTE\u2019da ancak\u00a0<strong>r\u0131zan\u0131z<\/strong>\u00a0ya da\u00a0<strong>kanuna uygunluk hallerinden<\/strong>\u00a0birinin varl\u0131\u011f\u0131 halinde tutulur ve i\u015flenir.<\/p>\n<p>\u00a0<\/p>\n<\/div>\n<\/div>    <\/div>\n<\/div>\n<!-- \/module text --><!-- module image -->\n<div  class=\"module module-image tb_gpoe723   image-top tf_mw\" data-lazy=\"1\">\n        <div class=\"image-wrap tf_rel tf_mw\">\n\t\t    <img loading=\"lazy\" decoding=\"async\" width=\"660\" height=\"353\" src=\"https:\/\/remarte.com\/wp-content\/uploads\/2022\/03\/aydinlatma-metni.jpg\" class=\"wp-post-image wp-image-47\" title=\"aydinlatma-metni\" alt=\"aydinlatma-metni\" srcset=\"https:\/\/remarte.com\/wp-content\/uploads\/2022\/03\/aydinlatma-metni.jpg 660w, https:\/\/remarte.com\/wp-content\/uploads\/2022\/03\/aydinlatma-metni-300x160.jpg 300w\" sizes=\"auto, (max-width: 660px) 100vw, 660px\" \/>\t\n\t\t<\/div>\n\t<!-- \/image-wrap -->\n    \n    \t<\/div>\n<!-- \/module image --><!-- module text -->\n<div  class=\"module module-text tb_055e988   \" data-lazy=\"1\">\n        <div  class=\"tb_text_wrap\">\n    <h6>8. Ki\u015fisel Verilerinizi Toplamam\u0131z\u0131n Y\u00f6ntemi ve Hukuki Sebebi<\/h6><p>Ki\u015fisel verileriniz, \u015eirketimiz taraf\u0131ndan verilen hizmet, \u00fcr\u00fcn ya da ticari faaliyete ba\u011fl\u0131 olarak de\u011fi\u015fkenlik g\u00f6sterebilmekle;<\/p><p>KVKK m. 4, 5 ve 6\u2019ya uygun bir \u015fekilde, otomatik ya da otomatik olmayan y\u00f6ntemlerle, ofisler, \u00e7a\u011fr\u0131 merkezi, internet sitesi, sosyal medya mecralar\u0131, mobil uygulamalar ve benzeri vas\u0131talarla s\u00f6zl\u00fc, yaz\u0131l\u0131 ya da elektronik olarak toplanabilecek, g\u00fcncellenerek i\u015flenebilecektir.<\/p><p>Ki\u015fisel verileriniz, her t\u00fcrl\u00fc s\u00f6zl\u00fc, yaz\u0131l\u0131 ya da elektronik ortamda, yukar\u0131da yer verilen ama\u00e7lar do\u011frultusunda \u015eirket\u00e7e sundu\u011fumuz \u00fcr\u00fcn ve\/veya hizmetlerin belirlenen yasal \u00e7er\u00e7evede sunulabilmesi ve bu kapsamda \u015eirketimizin s\u00f6zle\u015fme ve yasadan do\u011fan y\u00fck\u00fcml\u00fcl\u00fcklerini eksiksiz ve do\u011fru bir \u015fekilde yerine getirebilmesi amac\u0131 ile edinilir. Bu hukuki sebeple toplanan ki\u015fisel verileriniz KVK Kanununun 5. ve 6. maddelerinde belirtilen ki\u015fisel veri i\u015fleme \u015fartlar\u0131 ve ama\u00e7lar\u0131 kapsam\u0131nda bu Ayd\u0131nlatma Metninde belirtilen ama\u00e7lar dahilinde de i\u015flenebilmekte ve aktar\u0131labilmektedir.<\/p><h6>9.\u00a0Nas\u0131l Koruyoruz?<\/h6><p>SOLEB\u0130O taraf\u0131ndan toplanan ki\u015fisel verilerin korunmas\u0131 ve yetkisiz ki\u015filerin eline ge\u00e7memesi ve m\u00fc\u015fterilerimizin ve m\u00fc\u015fteri adaylar\u0131m\u0131z\u0131n ma\u011fdur olmamas\u0131 i\u00e7in gerekli teknik ve idari b\u00fct\u00fcn tedbirler al\u0131nmaktad\u0131r. Bu \u00e7er\u00e7evede yaz\u0131l\u0131mlar\u0131n standartlara uygun olmas\u0131, \u00fc\u00e7\u00fcnc\u00fc taraflar\u0131n \u00f6zenle se\u00e7ilmesi ve \u015firket i\u00e7inde de\u00a0<em><u>Gizlilik Politikam\u0131za\u00a0<\/u><\/em>riayet edilmesi sa\u011flanmaktad\u0131r.<\/p><h6>10. Ki\u015fisel Veri Sahibinin Haklar\u0131<\/h6><p>KVK Kanunu\u2019nun 11. maddesinde ki\u015fisel veri sahiplerinin;<\/p><ol><li>Ki\u015fisel veri i\u015flenip i\u015flenmedi\u011fini \u00f6\u011frenme,<\/li><li>Ki\u015fisel verileri i\u015flenmi\u015fse buna ili\u015fkin bilgi talep etme,<\/li><li>Ki\u015fisel verilerin i\u015flenme amac\u0131n\u0131 ve bunlar\u0131n amac\u0131na uygun kullan\u0131l\u0131p kullan\u0131lmad\u0131\u011f\u0131n\u0131 \u00f6\u011frenme,<\/li><li>Yurt i\u00e7inde veya yurt d\u0131\u015f\u0131nda ki\u015fisel verilerin aktar\u0131ld\u0131\u011f\u0131 \u00fc\u00e7\u00fcnc\u00fc ki\u015fileri bilme,<\/li><li>Ki\u015fisel verilerin eksik veya yanl\u0131\u015f i\u015flenmi\u015f olmas\u0131 h\u00e2linde bunlar\u0131n d\u00fczeltilmesini isteme ve bu kapsamda yap\u0131lan i\u015flemin ki\u015fisel verilerin aktar\u0131ld\u0131\u011f\u0131 \u00fc\u00e7\u00fcnc\u00fc ki\u015filere bildirilmesini isteme,<\/li><li>KVK Kanununun ve ilgili di\u011fer kanun h\u00fck\u00fcmlerine uygun olarak i\u015flenmi\u015f olmas\u0131na ra\u011fmen, i\u015flenmesini gerektiren sebeplerin ortadan kalkmas\u0131 h\u00e2linde ki\u015fisel verilerin silinmesini veya yok edilmesini isteme ve bu kapsamda yap\u0131lan i\u015flemin ki\u015fisel verilerin aktar\u0131ld\u0131\u011f\u0131 \u00fc\u00e7\u00fcnc\u00fc ki\u015filere bildirilmesini isteme,<\/li><li>\u0130\u015flenen verilerin m\u00fcnhas\u0131ran otomatik sistemler vas\u0131tas\u0131yla analiz edilmesi suretiyle ki\u015finin kendisi aleyhine bir sonucun ortaya \u00e7\u0131kmas\u0131na itiraz etme,<\/li><li>Ki\u015fisel verilerin kanuna ayk\u0131r\u0131 olarak i\u015flenmesi sebebiyle zarara u\u011framas\u0131 h\u00e2linde zarar\u0131n giderilmesini talep etme haklar\u0131 vard\u0131r.<\/li><\/ol><h6>f11. Ba\u015fvurunun Yap\u0131lmas\u0131<\/h6><p>KVK Kanununun 13. maddesinin 1. f\u0131kras\u0131 gere\u011fince, ayn\u0131 kanunun 11. maddesinde belirtilen haklar\u0131n\u0131z\u0131 kullanmak ile ilgili talebinizi, yaz\u0131l\u0131 olarak veya kay\u0131tl\u0131 elektronik posta (KEP) adresi ya da \u015firketimize daha \u00f6nce bildirdi\u011finiz ve sistemimizde kay\u0131tl\u0131 bulunan elektronik posta adresini kullanmak suretiyle,\u00a0<a href=\"mailto:info@remarte.com\">info@remarte.com<\/a>\u00a0adresine iletebilirsiniz. Gerekli a\u00e7\u0131klamalar ile ba\u015fvuru ve bilgi talep formuna\u00a0<a href=\"http:\/\/remarte.com\/wp-content\/uploads\/2022\/03\/KVKK-Basvuru-ve-Bilgi-Talep-Formu-Solebio.pdf\">bu linkten<\/a>\u00a0ula\u015fabilirsiniz.<\/p><p>Ba\u015fvuruda;<\/p><ol><li>a) Ad\u0131n\u0131z, soyad\u0131n\u0131z ve ba\u015fvuru yaz\u0131l\u0131 ise imzan\u0131z,<\/li><li>b) T\u00fcrkiye Cumhuriyeti vatanda\u015f\u0131 iseniz T.C. kimlik numaras\u0131, yabanc\u0131 iseniz uyru\u011funuz, pasaport numaran\u0131z veya varsa kimlik numaran\u0131z,<\/li><li>c) Tebligata esas yerle\u015fim yeriniz veya i\u015f yeri adresiniz,<\/li><\/ol><p>\u00e7) Varsa bildirime esas elektronik posta adresiniz, telefon ve faks numaran\u0131z,<\/p><ol><li>d) Talep konunuzun bulunmas\u0131 gerekmektedir.<\/li><\/ol><p>Konuya ili\u015fkin bilgi ve belgeler ba\u015fvuruya eklenmelidir.<\/p><p>\u015eirketimiz, bu kapsamdaki taleplerinizi, talebin niteli\u011fine g\u00f6re en k\u0131sa s\u00fcrede ve en ge\u00e7 otuz g\u00fcn i\u00e7inde \u00fccretsiz olarak sonu\u00e7land\u0131racakt\u0131r. Ancak, i\u015flemin ayr\u0131ca bir maliyeti gerektirmesi halinde, Kurulca belirlenen tarifedeki \u00fccret al\u0131nabilecektir. Ayr\u0131ca ba\u015fvurular\u0131n\u0131z\u0131n sadece sizlerle ilgili k\u0131sm\u0131 cevaplanacak olup, e\u015finiz, yak\u0131n\u0131n\u0131z ya da arkada\u015f\u0131n\u0131z hakk\u0131nda yap\u0131lan bir ba\u015fvuru kabul edilmeyecektir.<\/p>    <\/div>\n<\/div>\n<!-- \/module text -->\t        <\/div>\n\t    \t<\/div>\n\t\t    <\/div>\n\t    <!-- \/row_inner -->\n\t<\/div>\n\t<!-- \/module_row -->\n\t<\/div>\n<!--\/themify_builder_content-->","protected":false},"excerpt":{"rendered":"<p>Ayd\u0131nlatma Metni Ba\u015fvuru ve Bilgi Talep Formu Gizlilik Politikas\u0131 \u00d6zel Nitelikli Ki\u015fisel Verilerin Korunmas\u0131 ve \u0130\u015flenmesi Politikas\u0131 \u00c7erez Politikas\u0131 Hukuki Nitelik ve Kapsam 6698 say\u0131l\u0131 Ki\u015fisel Verilerin Korunmas\u0131 Kanunu\u2019nun (\u201cKVKK\u201d) 10\u2019uncu maddesi, verileri i\u015flenen kimselerin onaylar\u0131 al\u0131n\u0131rken kendisinin ayd\u0131nlat\u0131lmas\u0131n\u0131 istemi\u015ftir. Madde ba\u015fl\u0131\u011f\u0131 \u201cVeri Sorumlusunun Ayd\u0131nlatma Y\u00fck\u00fcml\u00fcl\u00fc\u011f\u00fc\u201dd\u00fcr. KVKK h\u00fck\u00fcmlerine g\u00f6re REMARTE, \u201cVeri Sorumlusu\u201ddur. Bu \u00e7er\u00e7evede, ayd\u0131nlatma [&hellip;]<\/p>\n","protected":false},"author":1,"featured_media":0,"parent":0,"menu_order":0,"comment_status":"closed","ping_status":"closed","template":"","meta":{"footnotes":""},"class_list":["post-46","page","type-page","status-publish","hentry","has-post-title","has-post-date","has-post-category","has-post-tag","has-post-comment","has-post-author",""],"_links":{"self":[{"href":"https:\/\/remarte.com\/tr\/wp-json\/wp\/v2\/pages\/46","targetHints":{"allow":["GET"]}}],"collection":[{"href":"https:\/\/remarte.com\/tr\/wp-json\/wp\/v2\/pages"}],"about":[{"href":"https:\/\/remarte.com\/tr\/wp-json\/wp\/v2\/types\/page"}],"author":[{"embeddable":true,"href":"https:\/\/remarte.com\/tr\/wp-json\/wp\/v2\/users\/1"}],"replies":[{"embeddable":true,"href":"https:\/\/remarte.com\/tr\/wp-json\/wp\/v2\/comments?post=46"}],"version-history":[{"count":10,"href":"https:\/\/remarte.com\/tr\/wp-json\/wp\/v2\/pages\/46\/revisions"}],"predecessor-version":[{"id":404,"href":"https:\/\/remarte.com\/tr\/wp-json\/wp\/v2\/pages\/46\/revisions\/404"}],"wp:attachment":[{"href":"https:\/\/remarte.com\/tr\/wp-json\/wp\/v2\/media?parent=46"}],"curies":[{"name":"wp","href":"https:\/\/api.w.org\/{rel}","templated":true}]}}