{"id":472,"date":"2024-07-23T19:56:49","date_gmt":"2024-07-23T19:56:49","guid":{"rendered":"https:\/\/remarte.com\/?page_id=472"},"modified":"2024-07-23T19:56:49","modified_gmt":"2024-07-23T19:56:49","slug":"is-gelistirme","status":"publish","type":"page","link":"https:\/\/remarte.com\/tr\/is-gelistirme","title":{"rendered":"\u0130\u015f Geli\u015ftirme"},"content":{"rendered":"<!--themify_builder_content-->\n<div id=\"themify_builder_content-472\" data-postid=\"472\" class=\"themify_builder_content themify_builder_content-472 themify_builder tf_clear\">\n    <\/div>\n<!--\/themify_builder_content-->\n","protected":false},"excerpt":{"rendered":"","protected":false},"author":1,"featured_media":0,"parent":0,"menu_order":0,"comment_status":"closed","ping_status":"closed","template":"","meta":{"footnotes":""},"class_list":["post-472","page","type-page","status-publish","hentry","has-post-title","has-post-date","has-post-category","has-post-tag","has-post-comment","has-post-author",""],"_links":{"self":[{"href":"https:\/\/remarte.com\/tr\/wp-json\/wp\/v2\/pages\/472","targetHints":{"allow":["GET"]}}],"collection":[{"href":"https:\/\/remarte.com\/tr\/wp-json\/wp\/v2\/pages"}],"about":[{"href":"https:\/\/remarte.com\/tr\/wp-json\/wp\/v2\/types\/page"}],"author":[{"embeddable":true,"href":"https:\/\/remarte.com\/tr\/wp-json\/wp\/v2\/users\/1"}],"replies":[{"embeddable":true,"href":"https:\/\/remarte.com\/tr\/wp-json\/wp\/v2\/comments?post=472"}],"version-history":[{"count":1,"href":"https:\/\/remarte.com\/tr\/wp-json\/wp\/v2\/pages\/472\/revisions"}],"predecessor-version":[{"id":473,"href":"https:\/\/remarte.com\/tr\/wp-json\/wp\/v2\/pages\/472\/revisions\/473"}],"wp:attachment":[{"href":"https:\/\/remarte.com\/tr\/wp-json\/wp\/v2\/media?parent=472"}],"curies":[{"name":"wp","href":"https:\/\/api.w.org\/{rel}","templated":true}]}}