{"id":528,"date":"2024-07-23T20:16:46","date_gmt":"2024-07-23T20:16:46","guid":{"rendered":"https:\/\/remarte.com\/yurt-disi-ilac-2"},"modified":"2024-07-23T20:16:46","modified_gmt":"2024-07-23T20:16:46","slug":"yurt-disi-ilac-2","status":"publish","type":"page","link":"https:\/\/remarte.com\/tr\/yurt-disi-ilac-2","title":{"rendered":"Yurt D\u0131\u015f\u0131 \u0130la\u00e7"},"content":{"rendered":"<!--themify_builder_content-->\n<div id=\"themify_builder_content-528\" data-postid=\"528\" class=\"themify_builder_content themify_builder_content-528 themify_builder tf_clear\">\n    \t<!-- module_row -->\n\t<div  data-lazy=\"1\" class=\"module_row themify_builder_row tb_uk8g679 tb_first tf_clearfix\">\n\t    \t\t<div class=\"row_inner col_align_top col-count-1 tf_box tf_w tf_rel\">\n\t\t\t<div  data-lazy=\"1\" class=\"module_column tb-column col-full first tb_ldlj680 tf_box\">\n\t\t\t    \t        <div class=\"tb-column-inner tf_box tf_w\">\n\t\t    <!-- module text -->\n<div  class=\"module module-text tb_2g7t363   \" data-lazy=\"1\">\n        <div  class=\"tb_text_wrap\">\n    <p><strong>Yurt D\u0131\u015f\u0131 \u0130la\u00e7 Program\u0131 Nedir?<\/strong><\/p>\n<p> <\/p>\n<p>REMARTE olarak, hastalar\u0131n ihtiya\u00e7 duydu\u011fu ancak T\u00fcrkiye\u2019de bulunmayan veya temin edilmesi g\u00fc\u00e7 olan be\u015feri t\u0131bbi \u00fcr\u00fcnleri Yurt D\u0131\u015f\u0131 \u0130la\u00e7 Program\u0131 (NPP) kapsam\u0131nda temin etmekteyiz. Bu program, \u00f6zellikle nadir hastal\u0131klar, \u00f6zel tedavi gereksinimleri ve acil durumlar gibi durumlarda hastalar\u0131n hayat kalitesini art\u0131rmay\u0131 ve sa\u011fl\u0131klar\u0131na kavu\u015fmalar\u0131n\u0131 sa\u011flamay\u0131 ama\u00e7lar.<\/p>\n<p> <\/p>\n<p><strong>Yurt D\u0131\u015f\u0131 \u0130la\u00e7 Program\u0131\u2019n\u0131n Amac\u0131 ve \u00d6nemi<\/strong><\/p>\n<p>Yurt D\u0131\u015f\u0131 \u0130la\u00e7 Program\u0131, T\u00fcrkiye\u2019de bulunmayan ila\u00e7lar\u0131n g\u00fcvenli ve h\u0131zl\u0131 bir \u015fekilde temin edilmesini sa\u011flar. Bu program\u0131n ana amac\u0131, hastalar\u0131n ihtiya\u00e7 duydu\u011fu tedavilere eri\u015fimlerini kolayla\u015ft\u0131rmak ve bu s\u00fcre\u00e7te en y\u00fcksek kalite standartlar\u0131n\u0131 korumakt\u0131r.<\/p>\n<p> <\/p>\n<p><strong>Program\u0131n Faydalar\u0131<\/strong><\/p>\n<ul>\n<li>Hasta G\u00fcvenli\u011fi: Program, hastalar\u0131n g\u00fcvenli ve etkin tedavilere eri\u015fimini sa\u011flar.<\/li>\n<li>Kalite G\u00fcvencesi: Temin edilen ila\u00e7lar, uluslararas\u0131 kalite standartlar\u0131na uygundur.<\/li>\n<li>Eri\u015filebilirlik: Nadir ve \u00f6zel tedavi gereksinimleri olan hastalar i\u00e7in hayati \u00f6neme sahip ila\u00e7lara eri\u015fim imkan\u0131 sunar.<\/li>\n<li>H\u0131zl\u0131 Tedarik: Acil durumlarda hastalar\u0131n h\u0131zl\u0131 bir \u015fekilde ila\u00e7lara eri\u015fmesini sa\u011flar.<\/li>\n<\/ul>\n<p> <\/p>\n<p>REMARTE olarak, Yurt D\u0131\u015f\u0131 \u0130la\u00e7 Program\u0131 ile hastalar\u0131m\u0131z\u0131n sa\u011fl\u0131\u011f\u0131 ve ya\u015fam kalitesini art\u0131rmay\u0131 hedefliyoruz. Uzman ekibimiz ve g\u00fc\u00e7l\u00fc uluslararas\u0131 a\u011f\u0131m\u0131z sayesinde, ihtiya\u00e7 duydu\u011funuz ila\u00e7lar\u0131 g\u00fcvenilir ve h\u0131zl\u0131 bir \u015fekilde temin ediyoruz.<\/p>\n<p> <\/p>\n<p><strong>Detayl\u0131 bilgi i\u00e7in bize ula\u015f\u0131n: <\/strong><a href=\"mailto:bd@remarte.com\"><strong>bd@remarte.com<\/strong><\/a><\/p>    <\/div>\n<\/div>\n<!-- \/module text -->\t        <\/div>\n\t    \t<\/div>\n\t\t    <\/div>\n\t    <!-- \/row_inner -->\n\t<\/div>\n\t<!-- \/module_row -->\n\t<\/div>\n<!--\/themify_builder_content-->","protected":false},"excerpt":{"rendered":"<p>Yurt D\u0131\u015f\u0131 \u0130la\u00e7 Program\u0131 Nedir? REMARTE olarak, hastalar\u0131n ihtiya\u00e7 duydu\u011fu ancak T\u00fcrkiye\u2019de bulunmayan veya temin edilmesi g\u00fc\u00e7 olan be\u015feri t\u0131bbi \u00fcr\u00fcnleri Yurt D\u0131\u015f\u0131 \u0130la\u00e7 Program\u0131 (NPP) kapsam\u0131nda temin etmekteyiz. Bu program, \u00f6zellikle nadir hastal\u0131klar, \u00f6zel tedavi gereksinimleri ve acil durumlar gibi durumlarda hastalar\u0131n hayat kalitesini art\u0131rmay\u0131 ve sa\u011fl\u0131klar\u0131na kavu\u015fmalar\u0131n\u0131 sa\u011flamay\u0131 ama\u00e7lar. Yurt D\u0131\u015f\u0131 \u0130la\u00e7 Program\u0131\u2019n\u0131n [&hellip;]<\/p>\n","protected":false},"author":1,"featured_media":0,"parent":0,"menu_order":0,"comment_status":"closed","ping_status":"closed","template":"","meta":{"footnotes":""},"class_list":["post-528","page","type-page","status-publish","hentry","has-post-title","has-post-date","has-post-category","has-post-tag","has-post-comment","has-post-author",""],"_links":{"self":[{"href":"https:\/\/remarte.com\/tr\/wp-json\/wp\/v2\/pages\/528","targetHints":{"allow":["GET"]}}],"collection":[{"href":"https:\/\/remarte.com\/tr\/wp-json\/wp\/v2\/pages"}],"about":[{"href":"https:\/\/remarte.com\/tr\/wp-json\/wp\/v2\/types\/page"}],"author":[{"embeddable":true,"href":"https:\/\/remarte.com\/tr\/wp-json\/wp\/v2\/users\/1"}],"replies":[{"embeddable":true,"href":"https:\/\/remarte.com\/tr\/wp-json\/wp\/v2\/comments?post=528"}],"version-history":[{"count":0,"href":"https:\/\/remarte.com\/tr\/wp-json\/wp\/v2\/pages\/528\/revisions"}],"wp:attachment":[{"href":"https:\/\/remarte.com\/tr\/wp-json\/wp\/v2\/media?parent=528"}],"curies":[{"name":"wp","href":"https:\/\/api.w.org\/{rel}","templated":true}]}}