{"id":530,"date":"2024-07-23T20:17:00","date_gmt":"2024-07-23T20:17:00","guid":{"rendered":"https:\/\/remarte.com\/is-birlikleri-2"},"modified":"2024-08-02T15:04:18","modified_gmt":"2024-08-02T15:04:18","slug":"is-birlikleri-2","status":"publish","type":"page","link":"https:\/\/remarte.com\/tr\/is-birlikleri-2","title":{"rendered":"\u0130\u015f Birlikleri"},"content":{"rendered":"<!--themify_builder_content-->\n<div id=\"themify_builder_content-530\" data-postid=\"530\" class=\"themify_builder_content themify_builder_content-530 themify_builder tf_clear\">\n    \t<!-- module_row -->\n\t<div  data-lazy=\"1\" class=\"module_row themify_builder_row tb_2n2l880 tb_first tf_clearfix\">\n\t    \t\t<div class=\"row_inner col_align_top col-count-1 tf_box tf_w tf_rel\">\n\t\t\t<div  data-lazy=\"1\" class=\"module_column tb-column col-full first tb_p7ot880 tf_box\">\n\t\t\t    \t        <div class=\"tb-column-inner tf_box tf_w\">\n\t\t    <!-- module text -->\n<div  class=\"module module-text tb_uhzv111   \" data-lazy=\"1\">\n        <div  class=\"tb_text_wrap\">\n    <p>\u00dcr\u00fcn portf\u00f6y\u00fcm\u00fcz\u00fc geni\u015fletmek amac\u0131yla kendi b\u00fcnyemizde y\u00fcr\u00fctt\u00fc\u011f\u00fcm\u00fcz \u00e7al\u0131\u015fmalar\u0131m\u0131z\u0131n yan\u0131 s\u0131ra, teknoloji transferi (in-licensing), ortak pazarlama (co-marketing) ve birlikte sat\u0131\u015f ve pazarlama (co-promotion) modellerinde i\u015fbirlikleri olu\u015fturuyoruz. Farkl\u0131 i\u015f birliktelikleri i\u00e7in <a href=\"mailto:bd@remarte.com\">mailto:bd@remarte.com<\/a><\/p>    <\/div>\n<\/div>\n<!-- \/module text -->\t        <\/div>\n\t    \t<\/div>\n\t\t    <\/div>\n\t    <!-- \/row_inner -->\n\t<\/div>\n\t<!-- \/module_row -->\n\t\t<!-- module_row -->\n\t<div  data-lazy=\"1\" class=\"module_row themify_builder_row tb_350x159 tf_clearfix\">\n\t    \t\t<div class=\"row_inner col_align_top col-count-4 tf_box tf_w tf_rel\">\n\t\t\t<div  data-lazy=\"1\" class=\"module_column tb-column col4-1 first tb_akq8159 tf_box\">\n\t\t\t    \t<\/div>\n\t\t<div  data-lazy=\"1\" class=\"module_column tb-column col4-1 second tb_tgir159 tf_box\">\n\t\t\t    \t        <div class=\"tb-column-inner tf_box tf_w\">\n\t\t    <!-- module image -->\n<div  class=\"module module-image tb_xqoa792   image-top tf_mw\" data-lazy=\"1\">\n        <div class=\"image-wrap tf_rel tf_mw\">\n\t\t    <img loading=\"lazy\" decoding=\"async\" width=\"390\" height=\"235\" src=\"https:\/\/remarte.com\/wp-content\/uploads\/2024\/08\/Farmatek.jpg\" class=\"wp-post-image wp-image-543\" title=\"Farmatek H2O Logo\" alt=\"Farmatek H2O Logo\" srcset=\"https:\/\/remarte.com\/wp-content\/uploads\/2024\/08\/Farmatek.jpg 390w, https:\/\/remarte.com\/wp-content\/uploads\/2024\/08\/Farmatek-300x181.jpg 300w\" sizes=\"auto, (max-width: 390px) 100vw, 390px\" \/>\t\n\t\t<\/div>\n\t<!-- \/image-wrap -->\n    \n    \t<\/div>\n<!-- \/module image -->\t        <\/div>\n\t    \t<\/div>\n\t\t<div  data-lazy=\"1\" class=\"module_column tb-column col4-1 third tb_np5r159 tf_box\">\n\t\t\t    \t        <div class=\"tb-column-inner tf_box tf_w\">\n\t\t    <!-- module image -->\n<div  class=\"module module-image tb_llyg992   image-top tf_mw\" data-lazy=\"1\">\n        <div class=\"image-wrap tf_rel tf_mw\">\n\t\t    <img loading=\"lazy\" decoding=\"async\" width=\"301\" height=\"167\" src=\"https:\/\/remarte.com\/wp-content\/uploads\/2024\/08\/Exeltis.png\" class=\"wp-post-image wp-image-553\" title=\"Exeltis\" alt=\"Exeltis\">\t\n\t\t<\/div>\n\t<!-- \/image-wrap -->\n    \n    \t<\/div>\n<!-- \/module image -->\t        <\/div>\n\t    \t<\/div>\n\t\t<div  data-lazy=\"1\" class=\"module_column tb-column col4-1 last tb_jnc4159 tf_box\">\n\t\t\t    \t<\/div>\n\t\t    <\/div>\n\t    <!-- \/row_inner -->\n\t<\/div>\n\t<!-- \/module_row -->\n\t<\/div>\n<!--\/themify_builder_content-->","protected":false},"excerpt":{"rendered":"<p>\u00dcr\u00fcn portf\u00f6y\u00fcm\u00fcz\u00fc geni\u015fletmek amac\u0131yla kendi b\u00fcnyemizde y\u00fcr\u00fctt\u00fc\u011f\u00fcm\u00fcz \u00e7al\u0131\u015fmalar\u0131m\u0131z\u0131n yan\u0131 s\u0131ra, teknoloji transferi (in-licensing), ortak pazarlama (co-marketing) ve birlikte sat\u0131\u015f ve pazarlama (co-promotion) modellerinde i\u015fbirlikleri olu\u015fturuyoruz. Farkl\u0131 i\u015f birliktelikleri i\u00e7in mailto:bd@remarte.com<\/p>\n","protected":false},"author":1,"featured_media":0,"parent":0,"menu_order":0,"comment_status":"closed","ping_status":"closed","template":"","meta":{"footnotes":""},"class_list":["post-530","page","type-page","status-publish","hentry","has-post-title","has-post-date","has-post-category","has-post-tag","has-post-comment","has-post-author",""],"_links":{"self":[{"href":"https:\/\/remarte.com\/tr\/wp-json\/wp\/v2\/pages\/530","targetHints":{"allow":["GET"]}}],"collection":[{"href":"https:\/\/remarte.com\/tr\/wp-json\/wp\/v2\/pages"}],"about":[{"href":"https:\/\/remarte.com\/tr\/wp-json\/wp\/v2\/types\/page"}],"author":[{"embeddable":true,"href":"https:\/\/remarte.com\/tr\/wp-json\/wp\/v2\/users\/1"}],"replies":[{"embeddable":true,"href":"https:\/\/remarte.com\/tr\/wp-json\/wp\/v2\/comments?post=530"}],"version-history":[{"count":1,"href":"https:\/\/remarte.com\/tr\/wp-json\/wp\/v2\/pages\/530\/revisions"}],"predecessor-version":[{"id":558,"href":"https:\/\/remarte.com\/tr\/wp-json\/wp\/v2\/pages\/530\/revisions\/558"}],"wp:attachment":[{"href":"https:\/\/remarte.com\/tr\/wp-json\/wp\/v2\/media?parent=530"}],"curies":[{"name":"wp","href":"https:\/\/api.w.org\/{rel}","templated":true}]}}