{"id":59,"date":"2022-03-23T13:08:03","date_gmt":"2022-03-23T13:08:03","guid":{"rendered":"http:\/\/remarte.com\/?page_id=59"},"modified":"2024-06-27T16:40:29","modified_gmt":"2024-06-27T16:40:29","slug":"ozel-nitelikli-kisisel-verilerin-korunmasi-ve-islenmesi-politikasi","status":"publish","type":"page","link":"https:\/\/remarte.com\/tr\/ozel-nitelikli-kisisel-verilerin-korunmasi-ve-islenmesi-politikasi","title":{"rendered":"\u00d6zel Nitelikli Ki\u015fisel Verilerin Korunmas\u0131 ve \u0130\u015flenmesi Politikas\u0131"},"content":{"rendered":"<!--themify_builder_content-->\n<div id=\"themify_builder_content-59\" data-postid=\"59\" class=\"themify_builder_content themify_builder_content-59 themify_builder tf_clear\">\n    \t<!-- module_row -->\n\t<div  data-lazy=\"1\" class=\"module_row themify_builder_row tb_x7qb645 tb_first tf_clearfix\">\n\t    \t\t<div class=\"row_inner col_align_top col-count-2 tf_box tf_w tf_rel\"  data-mobile_dir=\"rtl\">\n\t\t\t<div  data-lazy=\"1\" class=\"module_column tb-column col4-1 first tb_zli3656 tf_box\">\n\t\t\t    \t        <div class=\"tb-column-inner tf_box tf_w\">\n\t\t    <!-- module menu -->\n<div  class=\"module module-menu tb_3g6d955  mobile-menu-slide\" data-menu-style=\"mobile-menu-slide\" data-menu-breakpoint=\"0\" data-element-id=\"tb_3g6d955\" data-lazy=\"1\">\n    \t\n\t<div class=\"module-menu-container \"><ul id=\"menu-kvkk\" class=\"ui tf_clearfix nav tf_rel vertical tb_default_color shadow\"><li id=\"menu-item-68\" class=\"menu-item-page-46 menu-item menu-item-type-post_type menu-item-object-page menu-item-68\"><a href=\"https:\/\/remarte.com\/tr\/aydinlatma-metni\">Ayd\u0131nlatma Metni<\/a><\/li>\n<li id=\"menu-item-70\" class=\"menu-item-custom-70 menu-item menu-item-type-custom menu-item-object-custom menu-item-70\"><a href=\"http:\/\/remarte.com\/wp-content\/uploads\/2022\/03\/KVKK-Basvuru-ve-Bilgi-Talep-Formu-Remarte.pdf\">Ba\u015fvuru ve Bilgi Talep Formu<\/a><\/li>\n<li id=\"menu-item-67\" class=\"menu-item-page-56 menu-item menu-item-type-post_type menu-item-object-page menu-item-67\"><a href=\"https:\/\/remarte.com\/tr\/gizlilik-politikasi\">Gizlilik Politikas\u0131<\/a><\/li>\n<li id=\"menu-item-69\" class=\"menu-item-page-59 menu-item menu-item-type-post_type menu-item-object-page menu-item-69\"><a href=\"https:\/\/remarte.com\/tr\/ozel-nitelikli-kisisel-verilerin-korunmasi-ve-islenmesi-politikasi\">\u00d6zel Nitelikli Ki\u015fisel Verilerin Korunmas\u0131 ve \u0130\u015flenmesi Politikas\u0131<\/a><\/li>\n<li id=\"menu-item-66\" class=\"menu-item-page-63 menu-item menu-item-type-post_type menu-item-object-page menu-item-66\"><a href=\"https:\/\/remarte.com\/tr\/cerez-politikasi\">\u00c7erez Politikas\u0131<\/a><\/li>\n<\/ul><\/div>\t\t<style>\n\t\t\t.mobile-menu-module[data-module=\"tb_3g6d955\"] {\n\t\t\t\tright: -300px;\n\t\t\t}\n\t\t<\/style>\n\t<\/div>\n<!-- \/module menu -->\n\t        <\/div>\n\t    \t<\/div>\n\t\t<div  data-lazy=\"1\" class=\"module_column tb-column col4-3 last tb_u7jq733 tf_box\">\n\t\t\t    \t        <div class=\"tb-column-inner tf_box tf_w\">\n\t\t    <!-- module text -->\n<div  class=\"module module-text tb_y9gz635   \" data-lazy=\"1\">\n        <div  class=\"tb_text_wrap\">\n    <h6>1. Ama\u00e7<\/h6><p>\u0130\u015fbu \u00d6zel Nitelikli Ki\u015fisel Verilerin Korunmas\u0131 ve \u0130\u015flenmesi Politikas\u0131\u2019n\u0131n amac\u0131, Ki\u015fisel Verileri Koruma Kurulu\u2019nun 31\/01\/2018 tarihli ve 2018\/10 say\u0131l\u0131 \u00d6zel Nitelikli Ki\u015fisel Verilerin \u0130\u015flenmesinde Veri Sorumlular\u0131nca Al\u0131nmas\u0131 Gereken Yeterli \u00d6nlemler karar\u0131ndan do\u011fan hukuki y\u00fck\u00fcml\u00fcl\u00fcklerin yerine getirilmesi ile \u00f6zel nitelikli ki\u015fisel verilerin i\u015flenmesinde al\u0131nan teknik ve idari tedbirlerin ortaya konulmas\u0131d\u0131r.<\/p><h6>2. Tan\u0131mlar<\/h6>    <\/div>\n<\/div>\n<!-- \/module text --><!-- module image -->\n<div  class=\"module module-image tb_3b8k943   image-top tf_mw\" data-lazy=\"1\">\n        <div class=\"image-wrap tf_rel tf_mw\">\n\t\t    <img decoding=\"async\" src=\"http:\/\/remarte.com\/wp-content\/uploads\/2022\/03\/Remarte_kvkk.jpg\" title=\"\u00d6zel Nitelikli Ki\u015fisel Verilerin Korunmas\u0131 ve \u0130\u015flenmesi Politikas\u0131\" alt=\"\u00d6zel Nitelikli Ki\u015fisel Verilerin Korunmas\u0131 ve \u0130\u015flenmesi Politikas\u0131\">\t\n\t\t<\/div>\n\t<!-- \/image-wrap -->\n    \n    \t<\/div>\n<!-- \/module image --><!-- module text -->\n<div  class=\"module module-text tb_127e385   \" data-lazy=\"1\">\n        <div  class=\"tb_text_wrap\">\n    <h6><strong>\u00a0<\/strong>3. \u00d6zel Nitelikli Ki\u015fisel Verilerin \u0130\u015flenmesi<\/h6><p>Ki\u015filerin \u0131rk\u0131, etnik k\u00f6keni, siyasi d\u00fc\u015f\u00fcncesi, felsefi inanc\u0131, dini, mezhebi veya di\u011fer inan\u00e7lar\u0131, k\u0131l\u0131k ve k\u0131yafeti, dernek, vak\u0131f ya da sendika \u00fcyeli\u011fi, sa\u011fl\u0131\u011f\u0131, cinsel hayat\u0131, ceza mahk\u00fbmiyeti ve g\u00fcvenlik tedbirleriyle ilgili verileri ile biyometrik ve genetik verileri \u00f6zel nitelikli ki\u015fisel verilerdir.<\/p><p>\u015eirket, \u00f6zel nitelikli ki\u015fisel verilerin i\u015flenmesinde Kanun\u2019a ve di\u011fer mevzuat h\u00fck\u00fcmlerine riayet eder. Bu do\u011frultuda \u00f6zel nitelikli ki\u015fisel veriler a\u015fa\u011f\u0131daki ilkelere uygun olarak i\u015flenir:<\/p><ol><li>Hukuka ve d\u00fcr\u00fcstl\u00fck kurallar\u0131na uygun olma<\/li><li>Do\u011fru ve gerekti\u011finde g\u00fcncel olma<\/li><li>\u0130\u015flendikleri ama\u00e7la ba\u011flant\u0131l\u0131, s\u0131n\u0131rl\u0131 ve \u00f6l\u00e7\u00fcl\u00fc olma<\/li><li>Belirli, a\u00e7\u0131k ve me\u015fru ama\u00e7lar i\u00e7in i\u015flenme<\/li><li>Mevzuatta \u00f6ng\u00f6r\u00fclen ya da i\u015flendikleri ama\u00e7 i\u00e7in gerekli olan s\u00fcre kadar muhafaza edilme<\/li><\/ol><p>Sa\u011fl\u0131k ve cinsel hayat d\u0131\u015f\u0131ndaki \u00f6zel nitelikli ki\u015fisel veriler, \u015eirket taraf\u0131ndan veri sahibinin a\u00e7\u0131k r\u0131zas\u0131n\u0131n al\u0131nd\u0131\u011f\u0131 durumlarda ya da kanunlarda \u00f6ng\u00f6r\u00fclen hallerde i\u015flenmektedir.<\/p><p>Sa\u011fl\u0131k ve cinsel hayata ili\u015fkin veriler ise veri sahibinin a\u00e7\u0131k r\u0131zas\u0131n\u0131n al\u0131nd\u0131\u011f\u0131 durumlarda ya da kamu sa\u011fl\u0131\u011f\u0131n\u0131n korunmas\u0131, t\u0131bbi te\u015fhis, tedavi ve bak\u0131m hizmetlerinin y\u00fcr\u00fct\u00fclmesi, koruyucu hekimlik, sa\u011fl\u0131k hizmetleri ile finansman\u0131n\u0131n planlanmas\u0131 ve y\u00f6netimi amac\u0131yla i\u015flenmektedir.<\/p><p>Sa\u011fl\u0131k verilerinin i\u015flenmesinde 20 Ekim 2016 tarihli ve 29863 say\u0131l\u0131 Resm\u00ee Gazete\u2019de yay\u0131mlanarak y\u00fcr\u00fcrl\u00fc\u011fe giren Ki\u015fisel Sa\u011fl\u0131k Verilerinin \u0130\u015flenmesi Ve Mahremiyetinin Sa\u011flanmas\u0131 Hakk\u0131nda Y\u00f6netmelik h\u00fck\u00fcmlerine de riayet edilmektedir.<\/p><h6>4. \u00d6zel Nitelikli Ki\u015fisel Verilerin Korunmas\u0131 \u0130\u00e7in Al\u0131nan Teknik ve \u0130dari Tedbirler<\/h6><p>\u015eirket, \u00f6zel nitelikli ki\u015fisel verilerin Kanun\u2019a ve ilgili mevzuata uygun olarak i\u015flenmesi ile \u00f6zel nitelikli ki\u015fisel verilerin g\u00fcvenli\u011finin sa\u011flanmas\u0131 i\u00e7in her t\u00fcrl\u00fc tedbiri almaktad\u0131r. Bu kapsamda al\u0131nan tedbirler a\u015fa\u011f\u0131da s\u0131ralanm\u0131\u015ft\u0131r:<\/p><h6>5. \u0130dari Tedbirler<\/h6><ul><li>\u015eirket, \u00f6zel nitelikli ki\u015fisel verilerin i\u015flenme s\u00fcre\u00e7lerinde yer alan \u00e7al\u0131\u015fanlara y\u00f6nelik \u00f6zel nitelikli Gizlilikkonusunda d\u00fczenli e\u011fitimler vermektedir.<\/li><li>\u015eirket, \u00e7al\u0131\u015fanlar\u0131 ile veri g\u00fcvenli\u011finin sa\u011flanmas\u0131 i\u00e7in gizlilik s\u00f6zle\u015fmeleri akdetmektedir.<\/li><li>Verilere eri\u015fim yetkisine sahip kullan\u0131c\u0131lar, yetki kapsamlar\u0131 ve s\u00fcreleri net olarak tan\u0131mlanmakta ve periyodik yetki kontrolleri ger\u00e7ekle\u015ftirilmektedir.<\/li><li>G\u00f6rev de\u011fi\u015fikli\u011fi olan ya da i\u015ften ayr\u0131lan \u00e7al\u0131\u015fanlar\u0131n ki\u015fisel verilere eri\u015fim yetkileri derhal kald\u0131r\u0131lmaktad\u0131r. \u015eirket, bu kapsamda \u00e7al\u0131\u015fanlara tahsis etmi\u015f oldu\u011fu envanterleri derhal iade almaktad\u0131r.<\/li><\/ul><h6>6. Teknik Tedbirler<\/h6><h6>a. Elektronik Ortamda Muhafaza Edilen ve\/veya Eri\u015filen \u00d6zel Nitelikli Ki\u015fisel Veriler Bak\u0131m\u0131ndan Al\u0131nan Teknik Tedbirler<\/h6><ul><li>\u00d6zel nitelikli ki\u015fisel veriler kriptografik y\u00f6ntemler kullan\u0131larak muhafaza edilmektedir.<\/li><li>Kriptografik anahtarlar g\u00fcvenli ve farkl\u0131 ortamlarda tutulmaktad\u0131r.<\/li><li>\u00d6zel nitelikli ki\u015fisel veriler \u00fczerinde ger\u00e7ekle\u015ftirilen t\u00fcm hareketlerin i\u015flem kay\u0131tlar\u0131 g\u00fcvenli olarak loglanmaktad\u0131r.<\/li><li>\u00d6zel nitelikli ki\u015fisel verilerin bulundu\u011fu ortamlara ait g\u00fcvenlik g\u00fcncellemeleri s\u00fcrekli takip edilmekte, gerekli g\u00fcvenlik testleri d\u00fczenli olarak yap\u0131lmakta\/yapt\u0131r\u0131lmakta ve test sonu\u00e7lar\u0131 kay\u0131t alt\u0131na al\u0131nmaktad\u0131r.<\/li><li>\u00d6zel nitelikli ki\u015fisel verilerin eri\u015fildi\u011fi yaz\u0131l\u0131mlara ait kullan\u0131c\u0131 yetkilendirmeleri yap\u0131lmakta, bu yaz\u0131mlar\u0131n g\u00fcvenlik testleri d\u00fczenli olarak yap\u0131lmakta\/yapt\u0131r\u0131lmakta ve test sonu\u00e7lar\u0131 kay\u0131t alt\u0131na al\u0131nmaktad\u0131r.<\/li><li>\u00d6zel nitelikli ki\u015fisel verilere uzaktan eri\u015fim sa\u011fland\u0131\u011f\u0131 hallerde en az iki kademeli do\u011frulama sistemi kullan\u0131lmaktad\u0131r.<\/li><\/ul><h6>b. Fiziksel Ortamda Muhafaza Edilen ve\/veya Eri\u015filen \u00d6zel Nitelikli Ki\u015fisel Veriler Bak\u0131m\u0131ndan Al\u0131nan Teknik Tedbirler<\/h6><ul><li>\u00d6zel nitelikli ki\u015fisel verilerin bulundu\u011fu ortam\u0131n niteli\u011fine g\u00f6re yeterli g\u00fcvenlik \u00f6nlemleri al\u0131nmaktad\u0131r.<\/li><li>Bu ortamlar\u0131n fiziksel g\u00fcvenli\u011fi sa\u011flanmakta ve yetkisiz giri\u015f \u00e7\u0131k\u0131\u015flar engellenmektedir.<\/li><\/ul><h6>7. \u00d6zel Nitelikli Ki\u015fisel Verilerin Aktar\u0131lmas\u0131<\/h6><p>\u015eirket, \u00f6zel nitelikli ki\u015fisel verileri Kanun\u2019un 8. ve 9. maddelerinde yer alan veri i\u015fleme \u015fartlar\u0131 \u00e7er\u00e7evesinde aktarmaktad\u0131r. Veri g\u00fcvenli\u011fini sa\u011flama amac\u0131yla \u015eirket taraf\u0131ndan veri aktar\u0131m\u0131nda a\u015fa\u011f\u0131daki kurallar uygulanmakta ve bu kapsamda periyodik denetimler ger\u00e7ekle\u015ftirilmektedir.<\/p><ul><li><strong>E-Posta Yoluyla Aktar\u0131m<\/strong><\/li><\/ul><p>\u00d6zel nitelikli ki\u015fisel verilerin e-posta yoluyla aktar\u0131ld\u0131\u011f\u0131 hallerde \u015fifreli olarak kurumsal e-posta adresiyle veya Kay\u0131tl\u0131 Elektronik Posta (KEP) hesab\u0131 kullan\u0131larak aktar\u0131m yap\u0131lmaktad\u0131r.<\/p><ul><li><strong>Ta\u015f\u0131nabilir Bellek, CD, DVD Gibi Ortamlar Yoluyla Aktar\u0131m<\/strong><\/li><\/ul><p>\u00d6zel nitelikli ki\u015fisel verilerin ta\u015f\u0131nabilir bellek, CD, DVD gibi ortamlar yoluyla aktar\u0131ld\u0131\u011f\u0131 hallerde kriptografik y\u00f6ntemlerle \u015fifrelenme i\u015flemi yap\u0131lmakta ve kriptografik anahtar farkl\u0131 bir ortamda tutulmaktad\u0131r.<\/p><ul><li><strong>Farkl\u0131 Fiziksel Ortamlardaki Sunucular Aras\u0131nda Aktar\u0131m<\/strong><\/li><\/ul><p>Farkl\u0131 fiziksel ortamlardaki sunucular aras\u0131nda \u00f6zel nitelikli ki\u015fisel veri aktar\u0131m\u0131nda, sunucular aras\u0131nda VPN kurularak veya sFTP y\u00f6ntemiyle veri aktar\u0131m\u0131 ger\u00e7ekle\u015ftirilmektedir.<\/p><ul><li><strong>K\u00e2\u011f\u0131t Ortam\u0131 Yoluyla Aktar\u0131m<\/strong><\/li><\/ul><p>\u00d6zel nitelikli ki\u015fisel verilerin k\u00e2\u011f\u0131t ortam\u0131 yoluyla aktar\u0131m\u0131 gerekiyorsa evrak\u0131n \u00e7al\u0131nmas\u0131, kaybolmas\u0131 ya da yetkisiz ki\u015filer taraf\u0131ndan g\u00f6r\u00fclmesi gibi risklere kar\u015f\u0131 gerekli \u00f6nlemlerin al\u0131nmakta ve evrak &#8220;gizlilik dereceli belgeler\u201d format\u0131nda g\u00f6nderilmektedir.<\/p><h6>8. \u00d6zel Nitelikli Ki\u015fisel Verilerin Saklanmas\u0131 ve \u0130mhas\u0131<\/h6><p>\u00d6zel nitelikli ki\u015fisel veriler, \u015eirket taraf\u0131ndan Kanun ile di\u011fer mevzuata ve Kurul taraf\u0131ndan yay\u0131mlanan \u00d6zel Nitelikli Ki\u015fisel Verilerin \u0130\u015flenmesinde Veri Sorumlular\u0131nca Al\u0131nmas\u0131 Gereken Yeterli \u00d6nlemler karar\u0131na uygun olarak a\u015fa\u011f\u0131daki hallerde saklanmaktad\u0131r:<\/p><ol><li>Veri sahibinin a\u00e7\u0131k r\u0131zas\u0131n\u0131n elde edilmi\u015f olmas\u0131<\/li><li>Sa\u011fl\u0131k ve cinsel hayat d\u0131\u015f\u0131ndaki \u00f6zel nitelikli ki\u015fisel verilerin saklanmas\u0131n\u0131n kanunlarda \u00f6ng\u00f6r\u00fclm\u00fc\u015f olmas\u0131<\/li><li>Sa\u011fl\u0131k ve cinsel hayata ili\u015fkin verilerin kamu sa\u011fl\u0131\u011f\u0131n\u0131n korunmas\u0131, koruyucu hekimlik, t\u0131bb\u00ee te\u015fhis, tedavi ve bak\u0131m hizmetlerinin y\u00fcr\u00fct\u00fclmesi, sa\u011fl\u0131k hizmetleri ile finansman\u0131n\u0131n planlanmas\u0131 ve y\u00f6netimi amac\u0131yla saklanmas\u0131<\/li><\/ol><p>\u015eirket taraf\u0131ndan Kanun ile di\u011fer mevzuata uygun olarak saklanan \u00f6zel nitelikli ki\u015fisel veriler a\u015fa\u011f\u0131daki sebeplerin ortaya \u00e7\u0131kmas\u0131 halinde re\u2019sen ya da veri sahibinin talebi \u00fczerine silinir, yok edilir ya da anonim hale getirilir:<\/p><ol><li>\u00d6zel nitelikli ki\u015fisel veri saklama faaliyetinin veri sahibinin a\u00e7\u0131k r\u0131zas\u0131na dayand\u0131\u011f\u0131 hallerde a\u00e7\u0131k r\u0131zan\u0131n geri al\u0131nm\u0131\u015f olmas\u0131<\/li><li>\u00d6zel nitelikli ki\u015fisel verilerin saklanma amac\u0131n\u0131n ger\u00e7ekle\u015fmi\u015f, imkans\u0131zla\u015fm\u0131\u015f ya da di\u011fer herhangi bir yolla ortadan kalkm\u0131\u015f olmas\u0131<\/li><li>\u00d6zel nitelikli ki\u015fisel verilerin saklanmas\u0131na dayanak te\u015fkil eden mevzuat h\u00fck\u00fcmlerinin de\u011fi\u015fmesi ya da y\u00fcr\u00fcrl\u00fckten kalkmas\u0131<\/li><li>Kanun\u2019un 6. maddesinde yer alan i\u015flenme \u015fartlar\u0131n\u0131n tamam\u0131n\u0131n ortadan kalkm\u0131\u015f olmas\u0131<\/li><li>Veri sahibinin \u015eirket\u2019e usul\u00fcne uygun olarak iletti\u011fi \u00f6zel nitelikli ki\u015fisel verilerinin imhas\u0131na ili\u015fkin talebinin \u015eirket taraf\u0131ndan hakl\u0131 g\u00f6r\u00fclmesi ve olumlu sonu\u00e7land\u0131r\u0131lmas\u0131<\/li><li>\u015eirket\u2019in, veri sahibi taraf\u0131ndan \u00f6zel nitelikli ki\u015fisel verilerinin imhas\u0131 talebi ile kendisine yap\u0131lan ba\u015fvuruyu reddetmesi, verdi\u011fi cevab\u0131n yetersiz bulunmas\u0131 veya Kanun\u2019da \u00f6ng\u00f6r\u00fclen s\u00fcre i\u00e7inde cevap vermemesi hallerinde; Kurul\u2019a \u015fik\u00e2yette bulunulmas\u0131 ve bu talebin Kurul taraf\u0131ndan uygun bulunmas\u0131.<\/li><\/ol><p>\u00d6zel nitelikli ki\u015fisel verilerin saklanmas\u0131na ve imhas\u0131na ili\u015fkin di\u011fer hususlar \u015eirket Ki\u015fisel Veri Saklama ve \u0130mha Politikas\u0131nda d\u00fczenlenmi\u015ftir.<\/p><h6>9. G\u00fcncelleme<\/h6><p>\u0130\u015fbu Politika\u2019da yap\u0131lan de\u011fi\u015fiklikler a\u015fa\u011f\u0131daki tabloda g\u00f6sterilmektedir.<\/p><table><tbody><tr><td width=\"302\">Politika G\u00fcncelleme Tarihi<\/td><td width=\"302\">De\u011fi\u015fiklikler<\/td><\/tr><tr><td width=\"302\">\u00a0<\/td><td width=\"302\">\u00a0<\/td><\/tr><tr><td width=\"302\">\u00a0<\/td><td width=\"302\">\u00a0<\/td><\/tr><\/tbody><\/table>    <\/div>\n<\/div>\n<!-- \/module text -->\t        <\/div>\n\t    \t<\/div>\n\t\t    <\/div>\n\t    <!-- \/row_inner -->\n\t<\/div>\n\t<!-- \/module_row -->\n\t<\/div>\n<!--\/themify_builder_content-->","protected":false},"excerpt":{"rendered":"<p>Ayd\u0131nlatma Metni Ba\u015fvuru ve Bilgi Talep Formu Gizlilik Politikas\u0131 \u00d6zel Nitelikli Ki\u015fisel Verilerin Korunmas\u0131 ve \u0130\u015flenmesi Politikas\u0131 \u00c7erez Politikas\u0131 1. Ama\u00e7 \u0130\u015fbu \u00d6zel Nitelikli Ki\u015fisel Verilerin Korunmas\u0131 ve \u0130\u015flenmesi Politikas\u0131\u2019n\u0131n amac\u0131, Ki\u015fisel Verileri Koruma Kurulu\u2019nun 31\/01\/2018 tarihli ve 2018\/10 say\u0131l\u0131 \u00d6zel Nitelikli Ki\u015fisel Verilerin \u0130\u015flenmesinde Veri Sorumlular\u0131nca Al\u0131nmas\u0131 Gereken Yeterli \u00d6nlemler karar\u0131ndan do\u011fan hukuki y\u00fck\u00fcml\u00fcl\u00fcklerin [&hellip;]<\/p>\n","protected":false},"author":1,"featured_media":0,"parent":0,"menu_order":0,"comment_status":"closed","ping_status":"closed","template":"","meta":{"footnotes":""},"class_list":["post-59","page","type-page","status-publish","hentry","has-post-title","has-post-date","has-post-category","has-post-tag","has-post-comment","has-post-author",""],"_links":{"self":[{"href":"https:\/\/remarte.com\/tr\/wp-json\/wp\/v2\/pages\/59","targetHints":{"allow":["GET"]}}],"collection":[{"href":"https:\/\/remarte.com\/tr\/wp-json\/wp\/v2\/pages"}],"about":[{"href":"https:\/\/remarte.com\/tr\/wp-json\/wp\/v2\/types\/page"}],"author":[{"embeddable":true,"href":"https:\/\/remarte.com\/tr\/wp-json\/wp\/v2\/users\/1"}],"replies":[{"embeddable":true,"href":"https:\/\/remarte.com\/tr\/wp-json\/wp\/v2\/comments?post=59"}],"version-history":[{"count":5,"href":"https:\/\/remarte.com\/tr\/wp-json\/wp\/v2\/pages\/59\/revisions"}],"predecessor-version":[{"id":406,"href":"https:\/\/remarte.com\/tr\/wp-json\/wp\/v2\/pages\/59\/revisions\/406"}],"wp:attachment":[{"href":"https:\/\/remarte.com\/tr\/wp-json\/wp\/v2\/media?parent=59"}],"curies":[{"name":"wp","href":"https:\/\/api.w.org\/{rel}","templated":true}]}}