{"id":63,"date":"2022-03-23T13:08:38","date_gmt":"2022-03-23T13:08:38","guid":{"rendered":"http:\/\/remarte.com\/?page_id=63"},"modified":"2024-06-10T12:33:28","modified_gmt":"2024-06-10T12:33:28","slug":"cerez-politikasi","status":"publish","type":"page","link":"https:\/\/remarte.com\/tr\/cerez-politikasi","title":{"rendered":"\u00c7erez Politikas\u0131"},"content":{"rendered":"<!--themify_builder_content-->\n<div id=\"themify_builder_content-63\" data-postid=\"63\" class=\"themify_builder_content themify_builder_content-63 themify_builder tf_clear\">\n    \t<!-- module_row -->\n\t<div  data-lazy=\"1\" class=\"module_row themify_builder_row tb_x7qb645 tb_first tf_clearfix\">\n\t    \t\t<div class=\"row_inner col_align_top col-count-2 tf_box tf_w tf_rel\"  data-mobile_dir=\"rtl\">\n\t\t\t<div  data-lazy=\"1\" class=\"module_column tb-column col4-1 first tb_zli3656 tf_box\">\n\t\t\t    \t        <div class=\"tb-column-inner tf_box tf_w\">\n\t\t    <!-- module menu -->\n<div  class=\"module module-menu tb_3g6d955  mobile-menu-slide\" data-menu-style=\"mobile-menu-slide\" data-menu-breakpoint=\"0\" data-element-id=\"tb_3g6d955\" data-lazy=\"1\">\n    \t\n\t<div class=\"module-menu-container \"><ul id=\"menu-kvkk\" class=\"ui tf_clearfix nav tf_rel vertical tb_default_color shadow\"><li id=\"menu-item-68\" class=\"menu-item-page-46 menu-item menu-item-type-post_type menu-item-object-page menu-item-68\"><a href=\"https:\/\/remarte.com\/tr\/aydinlatma-metni\">Ayd\u0131nlatma Metni<\/a><\/li>\n<li id=\"menu-item-70\" class=\"menu-item-custom-70 menu-item menu-item-type-custom menu-item-object-custom menu-item-70\"><a href=\"http:\/\/remarte.com\/wp-content\/uploads\/2022\/03\/KVKK-Basvuru-ve-Bilgi-Talep-Formu-Remarte.pdf\">Ba\u015fvuru ve Bilgi Talep Formu<\/a><\/li>\n<li id=\"menu-item-67\" class=\"menu-item-page-56 menu-item menu-item-type-post_type menu-item-object-page menu-item-67\"><a href=\"https:\/\/remarte.com\/tr\/gizlilik-politikasi\">Gizlilik Politikas\u0131<\/a><\/li>\n<li id=\"menu-item-69\" class=\"menu-item-page-59 menu-item menu-item-type-post_type menu-item-object-page menu-item-69\"><a href=\"https:\/\/remarte.com\/tr\/ozel-nitelikli-kisisel-verilerin-korunmasi-ve-islenmesi-politikasi\">\u00d6zel Nitelikli Ki\u015fisel Verilerin Korunmas\u0131 ve \u0130\u015flenmesi Politikas\u0131<\/a><\/li>\n<li id=\"menu-item-66\" class=\"menu-item-page-63 menu-item menu-item-type-post_type menu-item-object-page menu-item-66\"><a href=\"https:\/\/remarte.com\/tr\/cerez-politikasi\">\u00c7erez Politikas\u0131<\/a><\/li>\n<\/ul><\/div>\t\t<style>\n\t\t\t.mobile-menu-module[data-module=\"tb_3g6d955\"] {\n\t\t\t\tright: -300px;\n\t\t\t}\n\t\t<\/style>\n\t<\/div>\n<!-- \/module menu -->\n\t        <\/div>\n\t    \t<\/div>\n\t\t<div  data-lazy=\"1\" class=\"module_column tb-column col4-3 last tb_u7jq733 tf_box\">\n\t\t\t    \t        <div class=\"tb-column-inner tf_box tf_w\">\n\t\t    <!-- module text -->\n<div  class=\"module module-text tb_y9gz635   \" data-lazy=\"1\">\n        <div  class=\"tb_text_wrap\">\n    <p>REMARTE, bir\u00e7ok internet sitesinde oldu\u011fu gibi internet sitesi kullan\u0131c\u0131lar\u0131n\u0131n ziyaret deneyimlerini iyile\u015ftirmek ve hizmet kalitesini art\u0131rmak amac\u0131yla \u00e7erez vb. teknolojiler kullanmaktad\u0131r. \u00c7erez Politikas\u0131 internet sitesi kullan\u0131c\u0131lar\u0131n\u0131 \u00e7erezlere ve kullan\u0131lan \u00e7erez t\u00fcrlerine ili\u015fkin olarak bilgilendirmek ve \u00e7erez tercihlerinin nas\u0131l y\u00f6netilebilece\u011fi konular\u0131nda yol g\u00f6stermek amac\u0131yla haz\u0131rlanm\u0131\u015ft\u0131r.<\/p>\n<p>\u00c7erez kullan\u0131m\u0131n\u0131 onaylam\u0131yorsan\u0131z internet sitesine devam etmemenizi ya da \u00e7erez tercihlerinizi bu Politika\u2019da g\u00f6sterildi\u011fi \u015fekilde de\u011fi\u015ftirmenizi rica ederiz. \u00c7erezlere izin verilmemesi halinde internet sitesinin baz\u0131 \u00f6zelliklerinin i\u015flevselli\u011fini yitirebilece\u011fini hat\u0131rlatmak isteriz.<\/p>\n<p><strong>\u00c7EREZ NED\u0130R?<\/strong><\/p>\n<p>\u00c7erez, bir internet sitesini ziyaret etti\u011finizde bilgisayar\u0131n\u0131zda ya da mobil cihaz\u0131n\u0131zda depolanan k\u00fc\u00e7\u00fck metin dosyalar\u0131d\u0131r. Bu dosyalarda IP adresiniz, oturum bilgileriniz, eri\u015fti\u011finiz sayfalar vb. veriler saklan\u0131r. \u00c7erezler sayesinde internet sitesi tercihleriniz hat\u0131rlanabilir, oturumunuzun a\u00e7\u0131k tutulmas\u0131 sa\u011flanabilir ya da size ilgilendi\u011finiz i\u00e7erik sunulabilir.<\/p>\n<p>\u00c7erezlere ili\u015fkin detayl\u0131 bilgi i\u00e7in\u00a0<a href=\"http:\/\/www.aboutcookies.org\/\">www.aboutcookies.org<\/a>\u00a0ve\u00a0<a href=\"http:\/\/www.allaboutcookies.org\/\">www.allaboutcookies.org<\/a>\u00a0adreslerini ziyaret edebilirsiniz.<\/p>\n<p><strong>\u00c7EREZ T\u00dcRLER\u0130<\/strong><\/p>\n<p>\u00c7erezler mobil cihazlarda depolanma s\u00fcreleri ve kimin taraf\u0131ndan yerle\u015ftirildikleri gibi kriterlere g\u00f6re farkl\u0131 t\u00fcrlere ayr\u0131lmaktad\u0131r. Bu kriterler kapsam\u0131nda temel ayr\u0131m \u015fu \u015fekildedir:<\/p>\n<ul>\n<li><strong>Oturum \u00c7erezleri:\u00a0<\/strong>Oturum \u00e7erezleri<strong>,\u00a0<\/strong>ge\u00e7ici \u00e7erezler olup taray\u0131c\u0131y\u0131 kapatt\u0131ktan sonra cihazdan silinirler. Bu \u00e7erezlerin ana i\u015flevi internet sitesinin d\u00fczg\u00fcn bir \u015fekilde \u00e7al\u0131\u015fmas\u0131n\u0131 sa\u011flamakt\u0131r.<\/li>\n<li><strong>Kal\u0131c\u0131 \u00c7erezler:\u00a0<\/strong>Kal\u0131c\u0131 \u00e7erezler taray\u0131c\u0131y\u0131 kapatt\u0131ktan sonra da kullan\u0131c\u0131 taraf\u0131ndan silininceye ya da s\u00fcresi doluncaya dek cihazda kalmaya devam ederler.<\/li>\n<li><strong>Birinci Taraf \u00c7erezler:\u00a0<\/strong>Birinci taraf \u00e7erezler ziyaret edilen internet sitesi operat\u00f6r\u00fc taraf\u0131ndan cihaza yerle\u015ftirilen \u00e7erezlerdir.<\/li>\n<li><strong>\u00dc\u00e7\u00fcnc\u00fc Taraf \u00c7erezler:<\/strong>\u00a0\u00dc\u00e7\u00fcnc\u00fc taraf \u00e7erezler ziyaret edilen internet sitesi operat\u00f6r\u00fc d\u0131\u015f\u0131ndaki ki\u015filer taraf\u0131ndan cihaza yerle\u015ftirilen ve kontrol edilen \u00e7erezlerdir.<\/li>\n<\/ul>\n<p><strong>\u0130NTERNET S\u0130TEM\u0130ZDE KULLANILAN \u00c7EREZLER<\/strong><\/p>\n<p>REMARTE,\u00a0<a href=\"http:\/\/www.remarte.com\/gizlilik-politikasi\/\">Gizlilik Politikas\u0131<\/a>\u00a0uygun olarak farkl\u0131 t\u00fcrde \u00e7erezler kullanmaktad\u0131r.<\/p>\n<p><strong>Zorunlu \u00c7erezler:<\/strong>\u00a0\u0130nternet sitesinin do\u011fru bir \u015fekilde \u00e7al\u0131\u015fmas\u0131n\u0131 sa\u011flayan ve \u00f6zelliklerini kullanman\u0131za imk\u00e2n veren teknik \u00e7erezlerdir. Oturum \u00e7erezi kategorisinde yer al\u0131rlar. Bu \u00e7erezlerin engellenmesi halinde internet sitesi \u00f6zelliklerinin kullan\u0131lamamas\u0131 sonucu do\u011far. Zorunlu \u00e7erezlerin kullan\u0131m\u0131 i\u00e7in onay\u0131n\u0131z gerekmemektedir.<\/p>\n<p><strong>Analitik \u00c7erezler:<\/strong>\u00a0\u0130nternet sitesi deneyiminizi iyile\u015ftirmek amac\u0131yla analitik \u00e7erezler kullan\u0131l\u0131r. Analitik \u00e7erezler, internet sitesi nas\u0131l kulland\u0131\u011f\u0131n\u0131z\u0131 (\u00f6rn; hangi sayfalar\u0131 ziyaret etti\u011fini, ziyaret s\u00fcresini vb.) anlamam\u0131z\u0131 sa\u011flar. B\u00f6ylelikle sundu\u011fumuz i\u00e7erikleri geli\u015ftirebilir ya da internet sitesi tasar\u0131m\u0131n\u0131 de\u011fi\u015ftirebiliriz.<\/p>\n<p><strong>\u0130\u015flevsellik \u00c7erezleri:<\/strong>\u00a0\u0130nternet sitesini tekrar ziyaret etti\u011finizde dil tercihlerinizin, b\u00f6lge se\u00e7iminizin vb. hat\u0131rlanmas\u0131na olanak sa\u011flar.<\/p>\n<p><strong>Hedefleme\/Reklam \u00c7erezleri:\u00a0<\/strong>REMARTE\u00a0internet sitesinde hedefleme ve reklam amac\u0131yla farkl\u0131 birinci taraf ve \u00fc\u00e7\u00fcnc\u00fc taraf \u00e7erezler kullanmaktad\u0131r. Bu \u00e7erezleri taray\u0131c\u0131n\u0131z\u0131n ayarlar\u0131n\u0131 de\u011fi\u015ftirerek ya da bu Politika\u2019da g\u00f6sterildi\u011fi \u015fekilde \u00e7erez tercihlerini de\u011fi\u015ftirerek engellemeniz m\u00fcmk\u00fcnd\u00fcr.<\/p>\n<p><strong>\u00c7EREZ TERC\u0130HLER\u0130N\u0130Z\u0130 NASIL DE\u011e\u0130\u015eT\u0130REB\u0130L\u0130RS\u0130N\u0130Z?<\/strong><\/p>\n<p>\u00c7erezleri kulland\u0131\u011f\u0131n\u0131z taray\u0131c\u0131n\u0131n ayarlar\u0131n\u0131 de\u011fi\u015ftirerek ki\u015fiselle\u015ftirmeniz ya da tamamen engellemeniz m\u00fcmk\u00fcnd\u00fcr. Farkl\u0131 taray\u0131c\u0131lar i\u00e7in izlenmesi gereken ad\u0131mlara ili\u015fkin detayl\u0131 bilgiye a\u015fa\u011f\u0131daki linklerden ula\u015fabilirsiniz:<\/p>\n<table width=\"633\">\n<tbody>\n<tr>\n<td width=\"208\">\n<p><strong>Taray\u0131c\u0131 Ad\u0131<\/strong><\/p>\n<\/td>\n<td width=\"425\">\n<p><strong>Link<\/strong><\/p>\n<\/td>\n<\/tr>\n<tr>\n<td width=\"208\">\n<p>Google Chrome<\/p>\n<\/td>\n<td width=\"425\">\n<p><a href=\"https:\/\/support.google.com\/chrome\/answer\/95647?co=GENIE.Platform%3DDesktop&amp;hl=tr\">https:\/\/support.google.com\/chrome\/answer\/95647?co=GENIE.Platform%3DDesktop&amp;hl=tr<\/a><\/p>\n<\/td>\n<\/tr>\n<tr>\n<td width=\"208\">\n<p>Internet Explorer<\/p>\n<\/td>\n<td width=\"425\">\n<p>\nhttps:\/\/support.microsoft.com\/tr-tr\/help\/17442\/windows-internet-explorer-delete-manage-cookies\n<\/p>\n<\/td>\n<\/tr>\n<tr>\n<td width=\"208\">\n<p>Mozilla Firefox<\/p>\n<\/td>\n<td width=\"425\">\n<p>\nhttps:\/\/support.mozilla.org\/tr\/kb\/cerezleri-silme-internet-sitelerinin-bilgilerini-kaldirma\n<\/p>\n<\/td>\n<\/tr>\n<tr>\n<td width=\"208\">\n<p>Yandex<\/p>\n<\/td>\n<td width=\"425\">\n<p>\nhttps:\/\/yandex.com.tr\/support\/browser-classic\/personal-data-protection\/cookies.xml\n<\/p>\n<\/td>\n<\/tr>\n<tr>\n<td width=\"208\">\n<p>Safari<\/p>\n<\/td>\n<td width=\"425\">\n<p>\nhttps:\/\/support.apple.com\/kb\/PH21411?locale=tr_TR\n<\/p>\n<\/td>\n<\/tr>\n<\/tbody>\n<\/table>\n<p>Di\u011fer taray\u0131c\u0131larda \u00e7erez tercihlerini y\u00f6netmek i\u00e7in ilgili taray\u0131c\u0131n\u0131n yard\u0131m veya destek sayfas\u0131n\u0131 inceleyebilirsiniz.<\/p>\n<p><strong>K\u0130\u015e\u0130SEL VER\u0130LER\u0130N\u0130ZE \u0130L\u0130\u015eK\u0130N HAKLARINIZ<\/strong><\/p>\n<p>Veri sahibi olarak \u015eirketimize ba\u015fvurarak;<\/p>\n<ul>\n<li>Ki\u015fisel verilerinizin i\u015flenip i\u015flenmedi\u011fini \u00f6\u011frenme,<\/li>\n<li>Ki\u015fisel verileriniz i\u015flenmi\u015fse buna ili\u015fkin bilgi talep etme,<\/li>\n<li>Ki\u015fisel verilerinizin i\u015flenme amac\u0131n\u0131 ve bunlar\u0131n amac\u0131na uygun kullan\u0131l\u0131p kullan\u0131lmad\u0131\u011f\u0131n\u0131 \u00f6\u011frenme,<\/li>\n<li>Yurt i\u00e7inde veya yurt d\u0131\u015f\u0131nda ki\u015fisel verilerinizin aktar\u0131ld\u0131\u011f\u0131 \u00fc\u00e7\u00fcnc\u00fc ki\u015fileri bilme,<\/li>\n<li>Ki\u015fisel verilerinizin eksik veya yanl\u0131\u015f i\u015flenmi\u015f olmas\u0131 h\u00e2linde bunlar\u0131n d\u00fczeltilmesini isteme ve bu kapsamda yap\u0131lan i\u015flemlerin ki\u015fisel verilerinizin aktar\u0131ld\u0131\u011f\u0131 \u00fc\u00e7\u00fcnc\u00fc ki\u015filere bildirilmesini isteme,<\/li>\n<li>6698 say\u0131l\u0131 Kanun ve ilgili di\u011fer kanun h\u00fck\u00fcmlerine uygun olarak i\u015flenmi\u015f olmas\u0131na ra\u011fmen, i\u015flenmesini gerektiren sebeplerin ortadan kalkmas\u0131 h\u00e2linde ki\u015fisel verilerinizin silinmesini veya yok edilmesini isteme ve bu kapsamda yap\u0131lan i\u015flemlerin ki\u015fisel verilerinizin aktar\u0131ld\u0131\u011f\u0131 \u00fc\u00e7\u00fcnc\u00fc ki\u015filere bildirilmesini isteme,<\/li>\n<li>\u0130\u015flenen verilerinizin m\u00fcnhas\u0131ran otomatik sistemler vas\u0131tas\u0131yla analiz edilmesi suretiyle aleyhinize bir sonucun ortaya \u00e7\u0131kmas\u0131na itiraz etme,<\/li>\n<li>Ki\u015fisel verilerinizin kanuna ayk\u0131r\u0131 olarak i\u015flenmesi sebebiyle zarara u\u011framan\u0131z h\u00e2linde zarar\u0131n giderilmesini talep etme haklar\u0131na sahipsiniz.<\/li>\n<\/ul>\n<p><strong>BA\u015eVURU VE B\u0130LG\u0130 TALEP HAKKININ KULLANILMASI<\/strong><\/p>\n<p>Yukar\u0131da say\u0131lan haklar\u0131n\u0131za ili\u015fkin taleplerinizi\u00a0<a href=\"http:\/\/www.resmigazete.gov.tr\/eskiler\/2018\/03\/20180310-6.htm\">Veri Sorumlusuna Ba\u015fvuru Usul ve Esaslar\u0131 Hakk\u0131nda Tebli\u011f<\/a>\u2019de \u00f6ng\u00f6r\u00fclen ba\u015fvuru usullerine uygun olarak \u015eirketimize iletmeniz durumunda REMARTE talebinizi niteli\u011fine g\u00f6re en k\u0131sa s\u00fcrede ve en ge\u00e7 30 (otuz) g\u00fcn i\u00e7inde \u00fccretsiz olarak sonu\u00e7land\u0131racakt\u0131r. Ancak, i\u015flemin ayr\u0131ca bir maliyeti gerektirmesi h\u00e2linde, REMARTE Ki\u015fisel Verileri Koruma Kurulunca belirlenen tarifedeki \u00fccreti alabilir.<\/p>\n<p>REMARTE taraf\u0131ndan ki\u015fisel verilerinizin i\u015flenmesi ile veri g\u00fcvenli\u011finin sa\u011flanmas\u0131 konular\u0131nda daha detayl\u0131 bilgiye REMARTE\u00a0<a href=\"http:\/\/www.remarte.com\/gizlilik-politikasi\/\">Gizlilik Politikas\u0131<\/a>\u2019ndan ula\u015fabilirsiniz.<\/p>\n<p>\u00a0<\/p>    <\/div>\n<\/div>\n<!-- \/module text -->\t        <\/div>\n\t    \t<\/div>\n\t\t    <\/div>\n\t    <!-- \/row_inner -->\n\t<\/div>\n\t<!-- \/module_row -->\n\t<\/div>\n<!--\/themify_builder_content-->","protected":false},"excerpt":{"rendered":"<p>Ayd\u0131nlatma Metni Ba\u015fvuru ve Bilgi Talep Formu Gizlilik Politikas\u0131 \u00d6zel Nitelikli Ki\u015fisel Verilerin Korunmas\u0131 ve \u0130\u015flenmesi Politikas\u0131 \u00c7erez Politikas\u0131 REMARTE, bir\u00e7ok internet sitesinde oldu\u011fu gibi internet sitesi kullan\u0131c\u0131lar\u0131n\u0131n ziyaret deneyimlerini iyile\u015ftirmek ve hizmet kalitesini art\u0131rmak amac\u0131yla \u00e7erez vb. teknolojiler kullanmaktad\u0131r. \u00c7erez Politikas\u0131 internet sitesi kullan\u0131c\u0131lar\u0131n\u0131 \u00e7erezlere ve kullan\u0131lan \u00e7erez t\u00fcrlerine ili\u015fkin olarak bilgilendirmek ve \u00e7erez [&hellip;]<\/p>\n","protected":false},"author":1,"featured_media":0,"parent":0,"menu_order":0,"comment_status":"closed","ping_status":"closed","template":"","meta":{"footnotes":""},"class_list":["post-63","page","type-page","status-publish","hentry","has-post-title","has-post-date","has-post-category","has-post-tag","has-post-comment","has-post-author",""],"_links":{"self":[{"href":"https:\/\/remarte.com\/tr\/wp-json\/wp\/v2\/pages\/63","targetHints":{"allow":["GET"]}}],"collection":[{"href":"https:\/\/remarte.com\/tr\/wp-json\/wp\/v2\/pages"}],"about":[{"href":"https:\/\/remarte.com\/tr\/wp-json\/wp\/v2\/types\/page"}],"author":[{"embeddable":true,"href":"https:\/\/remarte.com\/tr\/wp-json\/wp\/v2\/users\/1"}],"replies":[{"embeddable":true,"href":"https:\/\/remarte.com\/tr\/wp-json\/wp\/v2\/comments?post=63"}],"version-history":[{"count":4,"href":"https:\/\/remarte.com\/tr\/wp-json\/wp\/v2\/pages\/63\/revisions"}],"predecessor-version":[{"id":381,"href":"https:\/\/remarte.com\/tr\/wp-json\/wp\/v2\/pages\/63\/revisions\/381"}],"wp:attachment":[{"href":"https:\/\/remarte.com\/tr\/wp-json\/wp\/v2\/media?parent=63"}],"curies":[{"name":"wp","href":"https:\/\/api.w.org\/{rel}","templated":true}]}}