{"id":80,"date":"2022-03-23T13:15:50","date_gmt":"2022-03-23T13:15:50","guid":{"rendered":"http:\/\/remarte.com\/?page_id=80"},"modified":"2022-03-23T13:15:50","modified_gmt":"2022-03-23T13:15:50","slug":"insan-kaynaklari","status":"publish","type":"page","link":"https:\/\/remarte.com\/tr\/insan-kaynaklari","title":{"rendered":"\u0130nsan Kaynaklar\u0131"},"content":{"rendered":"<!--themify_builder_content-->\n<div id=\"themify_builder_content-80\" data-postid=\"80\" class=\"themify_builder_content themify_builder_content-80 themify_builder tf_clear\">\n    \t<!-- module_row -->\n\t<div  data-lazy=\"1\" class=\"module_row themify_builder_row tb_0nlo960 tb_first tf_clearfix\">\n\t    \t\t<div class=\"row_inner col_align_top col-count-1 tf_box tf_w tf_rel\">\n\t\t\t<div  data-lazy=\"1\" class=\"module_column tb-column col-full first tb_3zs5960 tf_box\">\n\t\t\t    \t        <div class=\"tb-column-inner tf_box tf_w\">\n\t\t    <!-- module text -->\n<div  class=\"module module-text tb_lga3710   \" data-lazy=\"1\">\n        <div  class=\"tb_text_wrap\">\n    <p><strong>\u0130nsan Kaynaklar\u0131 Yakla\u015f\u0131m\u0131m\u0131z<\/strong><\/p><p>G\u00fcc\u00fcm\u00fcz\u00fc, sorumluluk sahibi, yeniliklere a\u00e7\u0131k ve birlikte \u00e7al\u0131\u015fman\u0131n g\u00fcc\u00fcne inanan \u00e7al\u0131\u015fanlar\u0131m\u0131zdan almaktay\u0131z. Herkesin, par\u00e7as\u0131 olmaktan mutluluk duydu\u011fu, ba\u011fl\u0131l\u0131\u011f\u0131n y\u00fcksek oldu\u011fu organizasyon yap\u0131m\u0131z\u0131 korumak ve s\u00fcrekli geli\u015ftirmek istiyoruz.<\/p><p>\u0130nsan Kaynaklar\u0131 olarak y\u00f6netimin ve t\u00fcm b\u00f6l\u00fcmlerin stratejik i\u015f orta\u011f\u0131 olarak \u015firket stratejilerinin hayata ge\u00e7mesinde etkin rol oynuyoruz.<\/p><p>\u015eirketin stratejilerine, b\u00fcy\u00fcme planlar\u0131na ve hedeflerine ba\u011fl\u0131 olarak ihtiya\u00e7 duyulan insan kayna\u011f\u0131n\u0131n temin edilmesini; bu kayna\u011f\u0131n geli\u015fiminin ve s\u00fcreklili\u011finin sa\u011flanmas\u0131n\u0131; \u015firket \u00e7al\u0131\u015fanlar\u0131n\u0131n istikrar\u0131, mutlulu\u011fu ve verimlili\u011fi i\u00e7in g\u00fcncel performans de\u011ferlendirme ve \u00fccretlendirme sistemlerinin \u015firket yap\u0131s\u0131na en uygun olanlar\u0131n\u0131n etkin bir \u015fekilde uygulanmas\u0131n\u0131 sa\u011fl\u0131yoruz.<\/p>    <\/div>\n<\/div>\n<!-- \/module text -->\t        <\/div>\n\t    \t<\/div>\n\t\t    <\/div>\n\t    <!-- \/row_inner -->\n\t<\/div>\n\t<!-- \/module_row -->\n\t<\/div>\n<!--\/themify_builder_content-->","protected":false},"excerpt":{"rendered":"<p>\u0130nsan Kaynaklar\u0131 Yakla\u015f\u0131m\u0131m\u0131z G\u00fcc\u00fcm\u00fcz\u00fc, sorumluluk sahibi, yeniliklere a\u00e7\u0131k ve birlikte \u00e7al\u0131\u015fman\u0131n g\u00fcc\u00fcne inanan \u00e7al\u0131\u015fanlar\u0131m\u0131zdan almaktay\u0131z. Herkesin, par\u00e7as\u0131 olmaktan mutluluk duydu\u011fu, ba\u011fl\u0131l\u0131\u011f\u0131n y\u00fcksek oldu\u011fu organizasyon yap\u0131m\u0131z\u0131 korumak ve s\u00fcrekli geli\u015ftirmek istiyoruz. \u0130nsan Kaynaklar\u0131 olarak y\u00f6netimin ve t\u00fcm b\u00f6l\u00fcmlerin stratejik i\u015f orta\u011f\u0131 olarak \u015firket stratejilerinin hayata ge\u00e7mesinde etkin rol oynuyoruz. \u015eirketin stratejilerine, b\u00fcy\u00fcme planlar\u0131na ve hedeflerine ba\u011fl\u0131 [&hellip;]<\/p>\n","protected":false},"author":1,"featured_media":0,"parent":0,"menu_order":0,"comment_status":"closed","ping_status":"closed","template":"","meta":{"footnotes":""},"class_list":["post-80","page","type-page","status-publish","hentry","has-post-title","has-post-date","has-post-category","has-post-tag","has-post-comment","has-post-author",""],"_links":{"self":[{"href":"https:\/\/remarte.com\/tr\/wp-json\/wp\/v2\/pages\/80","targetHints":{"allow":["GET"]}}],"collection":[{"href":"https:\/\/remarte.com\/tr\/wp-json\/wp\/v2\/pages"}],"about":[{"href":"https:\/\/remarte.com\/tr\/wp-json\/wp\/v2\/types\/page"}],"author":[{"embeddable":true,"href":"https:\/\/remarte.com\/tr\/wp-json\/wp\/v2\/users\/1"}],"replies":[{"embeddable":true,"href":"https:\/\/remarte.com\/tr\/wp-json\/wp\/v2\/comments?post=80"}],"version-history":[{"count":2,"href":"https:\/\/remarte.com\/tr\/wp-json\/wp\/v2\/pages\/80\/revisions"}],"predecessor-version":[{"id":82,"href":"https:\/\/remarte.com\/tr\/wp-json\/wp\/v2\/pages\/80\/revisions\/82"}],"wp:attachment":[{"href":"https:\/\/remarte.com\/tr\/wp-json\/wp\/v2\/media?parent=80"}],"curies":[{"name":"wp","href":"https:\/\/api.w.org\/{rel}","templated":true}]}}