{"id":86,"date":"2022-03-23T13:34:13","date_gmt":"2022-03-23T13:34:13","guid":{"rendered":"http:\/\/remarte.com\/?page_id=86"},"modified":"2024-11-08T13:08:19","modified_gmt":"2024-11-08T13:08:19","slug":"iletisim","status":"publish","type":"page","link":"https:\/\/remarte.com\/tr\/iletisim","title":{"rendered":"\u0130leti\u015fim"},"content":{"rendered":"<!--themify_builder_content-->\n<div id=\"themify_builder_content-86\" data-postid=\"86\" class=\"themify_builder_content themify_builder_content-86 themify_builder tf_clear\">\n    \t<!-- module_row -->\n\t<div  data-lazy=\"1\" class=\"module_row themify_builder_row tb_a01s978 tb_first tf_clearfix\">\n\t    \t\t<div class=\"row_inner col_align_top col-count-2 tf_box tf_w tf_rel\">\n\t\t\t<div  data-lazy=\"1\" class=\"module_column tb-column col4-2 first tb_ulxr979 tf_box\">\n\t\t\t    \t        <div class=\"tb-column-inner tf_box tf_w\">\n\t\t    <!-- module plain text -->\n<div  class=\"module module-plain-text tb_4d9652 \" data-lazy=\"1\">\n        <div class=\"tb_text_wrap\">\n\t<iframe src=\"https:\/\/www.google.com\/maps\/embed?pb=!1m18!1m12!1m3!1d753.0009286062235!2d29.099637438946303!3d40.981399499999995!2m3!1f0!2f0!3f0!3m2!1i1024!2i768!4f13.1!3m3!1m2!1s0x14cac754b18c92df%3A0xdbaa1c9415e9941b!2sPlaza%20Cubes%20%7C%20Allianz%20Tower%20Ata%C5%9Fehir%20%7C%20Haz%C4%B1r%20%26%20Sanal%20%26%20Kiral%C4%B1k%20Ofis!5e0!3m2!1str!2str!4v1731071236462!5m2!1str!2str\" width=\"600\" height=\"450\" style=\"border:0;\" allowfullscreen=\"\" loading=\"lazy\" referrerpolicy=\"no-referrer-when-downgrade\"><\/iframe>    <\/div>\n<\/div>\n<!-- \/module plain text --><!-- module text -->\n<div  class=\"module module-text tb_qmiz897   \" data-lazy=\"1\">\n        <div  class=\"tb_text_wrap\">\n    <p><strong>GENEL M\u00dcD\u00dcRL\u00dcK<\/strong><\/p>\n<p>K\u00fc\u00e7\u00fckbakkalk\u00f6y Mah. Kay\u0131\u015fda\u011f\u0131 Cd. Allianz Tower No:1 Kat: 29-30 <br>ATA\u015eEH\u0130R \/ \u0130STANBUL<\/p>\n<p><br>Tel:+90 216 687 06 58<\/p>\n<p>Faks:+90 850 762 69 82<\/p>\n<p>\u0130\u015f Geli\u015ftirme : <a href=\"mailto:bd@remarte.com\">bd@remarte.com<\/a><\/p>    <\/div>\n<\/div>\n<!-- \/module text -->\t        <\/div>\n\t    \t<\/div>\n\t\t<div  data-lazy=\"1\" class=\"module_column tb-column col4-2 last tb_xa3q691 tf_box\">\n\t\t\t    \t        <div class=\"tb-column-inner tf_box tf_w\">\n\t\t    <!-- module plain text -->\n<div  class=\"module module-plain-text tb_rzrm103 \" data-lazy=\"1\">\n        <div class=\"tb_text_wrap\">\n\t    <\/div>\n<\/div>\n<!-- \/module plain text --><!-- module plain text -->\n<div  class=\"module module-plain-text tb_lpcu465 \" data-lazy=\"1\">\n        <div class=\"tb_text_wrap\">\n\t<div role=\"form\" class=\"wpcf7\" id=\"wpcf7-f83-o1\" lang=\"tr-TR\" dir=\"ltr\">\n<div class=\"screen-reader-response\"><p role=\"status\" aria-live=\"polite\" aria-atomic=\"true\"><\/p> <ul><\/ul><\/div>\n<form action=\"\/tr\/wp-json\/wp\/v2\/pages\/86#wpcf7-f83-o1\" method=\"post\" class=\"wpcf7-form init\" novalidate=\"novalidate\" data-status=\"init\">\n<div style=\"display: none;\">\n<input type=\"hidden\" name=\"_wpcf7\" value=\"83\" \/>\n<input type=\"hidden\" name=\"_wpcf7_version\" value=\"5.5.6\" \/>\n<input type=\"hidden\" name=\"_wpcf7_locale\" value=\"tr_TR\" \/>\n<input type=\"hidden\" name=\"_wpcf7_unit_tag\" value=\"wpcf7-f83-o1\" \/>\n<input type=\"hidden\" name=\"_wpcf7_container_post\" value=\"0\" \/>\n<input type=\"hidden\" name=\"_wpcf7_posted_data_hash\" value=\"\" \/>\n<\/div>\n<p><b><span style=\"font-size:20px;\">Bize Ula\u015f\u0131n:<\/b><\/span><\/p>\n<p><span class=\"wpcf7-form-control-wrap email-recipient\"><select name=\"email-recipient\" class=\"wpcf7-form-control wpcf7-select wpcf7-validates-as-required\" aria-required=\"true\" aria-invalid=\"false\"><option value=\"\u0130\u015f Geli\u015ftirme\">\u0130\u015f Geli\u015ftirme<\/option><option value=\"Farmakovijilans \/ Yan Etki\">Farmakovijilans \/ Yan Etki<\/option><option value=\"\u00dcr\u00fcn Kalite \u015eikayetleri\">\u00dcr\u00fcn Kalite \u015eikayetleri<\/option><option value=\"\u0130nsan Kaynaklar\u0131\">\u0130nsan Kaynaklar\u0131<\/option><\/select><\/span><br \/>\n<label> Ad\u0131n\u0131z ve Soyad\u0131n\u0131z (*)<br \/>\n    <span class=\"wpcf7-form-control-wrap your-name\"><input type=\"text\" name=\"your-name\" value=\"\" size=\"40\" class=\"wpcf7-form-control wpcf7-text wpcf7-validates-as-required\" aria-required=\"true\" aria-invalid=\"false\" \/><\/span> <\/label><\/p>\n<p><label> Epostan\u0131z (*)<br \/>\n    <span class=\"wpcf7-form-control-wrap your-email\"><input type=\"email\" name=\"your-email\" value=\"\" size=\"40\" class=\"wpcf7-form-control wpcf7-text wpcf7-email wpcf7-validates-as-required wpcf7-validates-as-email\" aria-required=\"true\" aria-invalid=\"false\" \/><\/span> <\/label><\/p>\n<p><label> Konu<br \/>\n    <span class=\"wpcf7-form-control-wrap your-subject\"><input type=\"text\" name=\"your-subject\" value=\"\" size=\"40\" class=\"wpcf7-form-control wpcf7-text wpcf7-validates-as-required\" aria-required=\"true\" aria-invalid=\"false\" \/><\/span> <\/label><\/p>\n<p><label> \u0130letiniz<br \/>\n    <span class=\"wpcf7-form-control-wrap your-message\"><textarea name=\"your-message\" cols=\"40\" rows=\"10\" class=\"wpcf7-form-control wpcf7-textarea wpcf7-validates-as-required\" aria-required=\"true\" aria-invalid=\"false\"><\/textarea><\/span> <\/label><\/p>\n<p>KVKK Bilgilendirmesi <a href=\"http:\/\/www.remarte.com\/kvkk-bilgilendirmesi\/\">devam\u0131<\/a><\/p>\n<p><span class=\"wpcf7-form-control-wrap kc_captcha\"><span class=\"wpcf7-form-control wpcf7-radio\"> \n    <span class=\"captcha-image\" >\n        <span class=\"cf7ic_instructions\">L\u00fctfen do\u011fru simgeyi se\u00e7iniz: <span> Anahtar<\/span>.<\/span><label><input type=\"radio\" name=\"kc_captcha\" value=\"kc_human\" \/><svg width=\"50\" height=\"50\" aria-hidden=\"true\" role=\"img\" xmlns=\"https:\/\/www.w3.org\/2000\/svg\" viewBox=\"0 0 512 512\"><path fill=\"currentColor\" d=\"M512 176a176 176 0 01-209 173l-24 27a24 24 0 01-18 8h-37v40c0 13-11 24-24 24h-40v40c0 13-11 24-24 24H24c-13 0-24-11-24-24v-78c0-6 3-13 7-17l162-162a176 176 0 11343-55zm-176-48a48 48 0 1096 0 48 48 0 00-96 0z\"\/><\/svg><\/label><label><input type=\"radio\" name=\"kc_captcha\" value=\"bot\" \/><svg width=\"50\" height=\"50\" aria-hidden=\"true\" role=\"img\" xmlns=\"https:\/\/www.w3.org\/2000\/svg\" viewBox=\"0 0 640 512\"><path fill=\"currentColor\" d=\"M624 352h-16V244c0-13-5-25-14-34L494 110c-9-9-21-14-34-14h-44V48c0-26-21-48-48-48H48C22 0 0 22 0 48v320c0 27 22 48 48 48h16a96 96 0 00192 0h128a96 96 0 00192 0h48c9 0 16-7 16-16v-32c0-9-7-16-16-16zM160 464a48 48 0 110-96 48 48 0 010 96zm320 0a48 48 0 110-96 48 48 0 010 96zm80-208H416V144h44l100 100v12z\"\/><\/svg><\/label><label><input type=\"radio\" name=\"kc_captcha\" value=\"bot\" \/><svg width=\"50\" height=\"50\" aria-hidden=\"true\" role=\"img\" xmlns=\"https:\/\/www.w3.org\/2000\/svg\" viewBox=\"0 0 384 512\"><path fill=\"currentColor\" d=\"M377 375l-83-87h34c21 0 32-25 17-40l-82-88h33c21 0 32-25 18-40L210 8c-10-11-26-11-36 0L70 120c-14 15-3 40 18 40h33l-82 88c-15 15-4 40 17 40h34L7 375c-15 16-4 41 17 41h120c0 33-11 49-34 68-12 9-5 28 10 28h144c15 0 22-19 10-28-20-16-34-32-34-68h120c21 0 32-25 17-41z\"\/><\/svg><\/label>\n    <\/span>\n    <span style=\"display:none\">\n        <input type=\"text\" name=\"kc_honeypot\">\n    <\/span><\/span><\/span><\/p>\n<p><input type=\"submit\" value=\"G\u00d6NDER\" class=\"wpcf7-form-control has-spinner wpcf7-submit\" \/><\/p>\n<input type='hidden' class='wpcf7-pum' value='{\"closepopup\":false,\"closedelay\":0,\"openpopup\":false,\"openpopup_id\":0}' \/><div class=\"wpcf7-response-output\" aria-hidden=\"true\"><\/div><\/form><\/div>    <\/div>\n<\/div>\n<!-- \/module plain text -->\t        <\/div>\n\t    \t<\/div>\n\t\t    <\/div>\n\t    <!-- \/row_inner -->\n\t<\/div>\n\t<!-- \/module_row -->\n\t<\/div>\n<!--\/themify_builder_content-->","protected":false},"excerpt":{"rendered":"<p>GENEL M\u00dcD\u00dcRL\u00dcK K\u00fc\u00e7\u00fckbakkalk\u00f6y Mah. Kay\u0131\u015fda\u011f\u0131 Cd. Allianz Tower No:1 Kat: 29-30 ATA\u015eEH\u0130R \/ \u0130STANBUL Tel:+90 216 687 06 58 Faks:+90 850 762 69 82 \u0130\u015f Geli\u015ftirme : bd@remarte.com<\/p>\n","protected":false},"author":1,"featured_media":0,"parent":0,"menu_order":0,"comment_status":"closed","ping_status":"closed","template":"","meta":{"footnotes":""},"class_list":["post-86","page","type-page","status-publish","hentry","has-post-title","has-post-date","has-post-category","has-post-tag","has-post-comment","has-post-author",""],"_links":{"self":[{"href":"https:\/\/remarte.com\/tr\/wp-json\/wp\/v2\/pages\/86","targetHints":{"allow":["GET"]}}],"collection":[{"href":"https:\/\/remarte.com\/tr\/wp-json\/wp\/v2\/pages"}],"about":[{"href":"https:\/\/remarte.com\/tr\/wp-json\/wp\/v2\/types\/page"}],"author":[{"embeddable":true,"href":"https:\/\/remarte.com\/tr\/wp-json\/wp\/v2\/users\/1"}],"replies":[{"embeddable":true,"href":"https:\/\/remarte.com\/tr\/wp-json\/wp\/v2\/comments?post=86"}],"version-history":[{"count":13,"href":"https:\/\/remarte.com\/tr\/wp-json\/wp\/v2\/pages\/86\/revisions"}],"predecessor-version":[{"id":623,"href":"https:\/\/remarte.com\/tr\/wp-json\/wp\/v2\/pages\/86\/revisions\/623"}],"wp:attachment":[{"href":"https:\/\/remarte.com\/tr\/wp-json\/wp\/v2\/media?parent=86"}],"curies":[{"name":"wp","href":"https:\/\/api.w.org\/{rel}","templated":true}]}}